{"id":4798,"date":"2020-01-16T22:29:39","date_gmt":"2020-01-16T21:29:39","guid":{"rendered":"https:\/\/procomp.ba\/blog\/?page_id=4798"},"modified":"2020-01-21T22:29:50","modified_gmt":"2020-01-21T21:29:50","slug":"zvucnik-u-kvaru-gdje-ga-zamijeniti","status":"publish","type":"page","link":"https:\/\/procomp.ba\/blog\/zvucnik-u-kvaru-gdje-ga-zamijeniti\/","title":{"rendered":"Zvu\u010dnik u kvaru- gdje ga zamijeniti?"},"content":{"rendered":"\n<p><em>Popravljen zvu\u010dnik zna\u010di da od sada \u010dujete sagovornika jasno i glasno<\/em>. <em>Nerijetko se de\u0161ava da se morate nadvikivati sa sugovornikom ili morate jednostavno prekinuti razgovor. Takvi razgovori su uvijek izvor frustracije. \u0160ta \u010diniti?<\/em><\/p>\n\n\n\n<figure class=\"wp-block-image size-large\"><img loading=\"lazy\" decoding=\"async\" width=\"771\" height=\"434\" src=\"https:\/\/procomp.ba\/blog\/wp-content\/uploads\/2020\/01\/Star-Phone-Fix-Hialeah-Home.jpg\" alt=\"\" class=\"wp-image-4805\" srcset=\"https:\/\/procomp.ba\/blog\/wp-content\/uploads\/2020\/01\/Star-Phone-Fix-Hialeah-Home.jpg 771w, https:\/\/procomp.ba\/blog\/wp-content\/uploads\/2020\/01\/Star-Phone-Fix-Hialeah-Home-300x169.jpg 300w, https:\/\/procomp.ba\/blog\/wp-content\/uploads\/2020\/01\/Star-Phone-Fix-Hialeah-Home-768x432.jpg 768w, https:\/\/procomp.ba\/blog\/wp-content\/uploads\/2020\/01\/Star-Phone-Fix-Hialeah-Home-696x392.jpg 696w, https:\/\/procomp.ba\/blog\/wp-content\/uploads\/2020\/01\/Star-Phone-Fix-Hialeah-Home-746x420.jpg 746w\" sizes=\"auto, (max-width: 771px) 100vw, 771px\" \/><figcaption>Zvu\u010dnik mo\u017eete zamijeniti samo orignalnim zvu\u010dnikom.<\/figcaption><\/figure>\n\n\n\n<p>Ispravnost zvu\u010dnika je izrazito bitna za neometanu komunikaciju. Kada imate odre\u0111ene probleme sa zvukom, to mo\u017ee ote\u017eati obavljanje razgovora. Ako se \u010duje krckanje prilikom razgovora, slabo \u010dujete kada zvoni ili mo\u017eda uop\u0161te ne zvoni vrijeme je za mijenjanje zvu\u010dnika. U <strong>ProComp<\/strong>u servisu \u0107emo brzo i jednostavno zamijeniti<strong> zvu\u010dnik<\/strong> na va\u0161em mobitelu. <\/p>\n\n\n\n<p>Kvar kao \u0161to je neispravan <strong>zvu\u010dnik<\/strong> ne spada u neki veliki kvar. Me\u0111utim, ovo vam mo\u017ee uistinu ote\u017eati kori\u0161tenje telefona i obavljanje razgovora. Ovo se smatra malim kvarom \u010dak i kad imate neki brendirani telefon. Nebitno da li imate <strong>Xiaomi, Huawei, Ulefone, Prestigio, Iphone, Samsung, Lenovo, Nokia, Vivax, Oukitel <\/strong>telefon. Olak\u0161ajte sami sebi rje\u0161avanjem problema u <strong>ProComp<\/strong> servisu. <\/p>\n\n\n\n<h2 class=\"wp-block-heading\">Mijenjamo zvu\u010dnik u treptaj oka<\/h2>\n\n\n\n<p>Kvar na zvu\u010dniku se naj\u010de\u0161\u0107e rje\u0161ava zamjenom zvu\u010dnika. Ovo je proces koji se relativno brzo zavr\u0161ava. Va\u0161e je samo da donesete u mobitel u <strong>ProComp<\/strong> servis.<\/p>\n\n\n\n<p>Na\u0161e ljubazno osoblje \u0107e preuzeti telefon i rije\u0161iti problem u rekordnom vremenu. <\/p>\n\n\n\n<p><strong>Servisiranje telefona<\/strong>&nbsp;se obavlja samo sa originalnim dijelovima proizvo\u0111a\u010da. <strong>Originalni dijelovi<\/strong> vam osiguravaju kvalitet i du\u017ee trajanje va\u0161eg zamjenskog dijela.<\/p>\n\n\n\n<p>Samim time originalni dijelovi su prilago\u0111eni samom ure\u0111aju i to spre\u010dava dodatne kvarove. Neoriginalni dijelovi mogu dovesti do \u010destih kvarova zbog nekoompatibilnosti.  <\/p>\n\n\n\n<p><strong>Cijene<\/strong> na\u0161ih usluga \u0107ete dobiti od na\u0161ih servisera. Nakon obavljene popravke, biti \u0107ete pozvani da preuzmete svoj telefon. Do\u0111ite posjetite nas i uvjerite se u kvalitet na\u0161ih usluga.  <\/p>\n\n\n\n<div class=\"wp-block-image\"><figure class=\"aligncenter size-large\"><img loading=\"lazy\" decoding=\"async\" width=\"700\" height=\"200\" src=\"https:\/\/procomp.ba\/blog\/wp-content\/uploads\/2020\/01\/rezervisite-termin-3.jpg\" alt=\"\" class=\"wp-image-4949\" srcset=\"https:\/\/procomp.ba\/blog\/wp-content\/uploads\/2020\/01\/rezervisite-termin-3.jpg 700w, https:\/\/procomp.ba\/blog\/wp-content\/uploads\/2020\/01\/rezervisite-termin-3-300x86.jpg 300w, https:\/\/procomp.ba\/blog\/wp-content\/uploads\/2020\/01\/rezervisite-termin-3-696x200.jpg 696w\" sizes=\"auto, (max-width: 700px) 100vw, 700px\" \/><\/figure><\/div>\n","protected":false},"excerpt":{"rendered":"<p>Popravljen zvu\u010dnik zna\u010di da od sada \u010dujete sagovornika jasno i glasno. Nerijetko se de\u0161ava da se morate nadvikivati sa sugovornikom ili morate jednostavno prekinuti razgovor. Takvi razgovori su uvijek izvor frustracije. \u0160ta \u010diniti? Ispravnost zvu\u010dnika je izrazito bitna za neometanu komunikaciju. Kada imate odre\u0111ene probleme sa zvukom, to mo\u017ee ote\u017eati obavljanje razgovora. Ako se \u010duje [&hellip;]<\/p>\n","protected":false},"author":1,"featured_media":4835,"parent":0,"menu_order":0,"comment_status":"closed","ping_status":"closed","template":"","meta":{"footnotes":""},"class_list":["post-4798","page","type-page","status-publish","has-post-thumbnail","hentry"],"yoast_head":"<!-- This site is optimized with the Yoast SEO plugin v27.4 - https:\/\/yoast.com\/product\/yoast-seo-wordpress\/ -->\n<title>Zvu\u010dnik u kvaru- gdje ga zamijeniti? - ProComp Blog<\/title>\n<meta name=\"description\" content=\"Ako slabo \u010dujete prilikom razgovora, vrijeme je za mijenjanje zvu\u010dnika. U ProCompu servisu \u0107emo brzo i jednostavno zamijeniti zvu\u010dnik na va\u0161em mobitelu.\" \/>\n<meta name=\"robots\" content=\"index, follow, max-snippet:-1, max-image-preview:large, max-video-preview:-1\" \/>\n<link rel=\"canonical\" href=\"https:\/\/procomp.ba\/blog\/zvucnik-u-kvaru-gdje-ga-zamijeniti\/\" \/>\n<meta property=\"og:locale\" content=\"bs_BA\" \/>\n<meta property=\"og:type\" content=\"article\" \/>\n<meta property=\"og:title\" content=\"Zvu\u010dnik u kvaru- gdje ga zamijeniti? - ProComp Blog\" \/>\n<meta property=\"og:description\" content=\"Ako slabo \u010dujete prilikom razgovora, vrijeme je za mijenjanje zvu\u010dnika. U ProCompu servisu \u0107emo brzo i jednostavno zamijeniti zvu\u010dnik na va\u0161em mobitelu.\" \/>\n<meta property=\"og:url\" content=\"https:\/\/procomp.ba\/blog\/zvucnik-u-kvaru-gdje-ga-zamijeniti\/\" \/>\n<meta property=\"og:site_name\" content=\"ProComp Blog\" \/>\n<meta property=\"article:publisher\" content=\"https:\/\/www.facebook.com\/procomp.ba\/\" \/>\n<meta property=\"article:modified_time\" content=\"2020-01-21T21:29:50+00:00\" \/>\n<meta property=\"og:image\" content=\"https:\/\/procomp.ba\/blog\/wp-content\/uploads\/2020\/01\/mobitel-mikrofon-1-1.jpg\" \/>\n\t<meta property=\"og:image:width\" content=\"1200\" \/>\n\t<meta property=\"og:image:height\" content=\"800\" \/>\n\t<meta property=\"og:image:type\" content=\"image\/jpeg\" \/>\n<meta name=\"twitter:card\" content=\"summary_large_image\" \/>\n<meta name=\"twitter:label1\" content=\"Est. reading time\" \/>\n\t<meta name=\"twitter:data1\" content=\"2 minute\" \/>\n<script type=\"application\/ld+json\" class=\"yoast-schema-graph\">{\"@context\":\"https:\\\/\\\/schema.org\",\"@graph\":[{\"@type\":\"WebPage\",\"@id\":\"https:\\\/\\\/procomp.ba\\\/blog\\\/zvucnik-u-kvaru-gdje-ga-zamijeniti\\\/\",\"url\":\"https:\\\/\\\/procomp.ba\\\/blog\\\/zvucnik-u-kvaru-gdje-ga-zamijeniti\\\/\",\"name\":\"Zvu\u010dnik u kvaru- gdje ga zamijeniti? - ProComp Blog\",\"isPartOf\":{\"@id\":\"https:\\\/\\\/procomp.ba\\\/blog\\\/#website\"},\"primaryImageOfPage\":{\"@id\":\"https:\\\/\\\/procomp.ba\\\/blog\\\/zvucnik-u-kvaru-gdje-ga-zamijeniti\\\/#primaryimage\"},\"image\":{\"@id\":\"https:\\\/\\\/procomp.ba\\\/blog\\\/zvucnik-u-kvaru-gdje-ga-zamijeniti\\\/#primaryimage\"},\"thumbnailUrl\":\"https:\\\/\\\/procomp.ba\\\/blog\\\/wp-content\\\/uploads\\\/2020\\\/01\\\/mobitel-mikrofon-1-1.jpg\",\"datePublished\":\"2020-01-16T21:29:39+00:00\",\"dateModified\":\"2020-01-21T21:29:50+00:00\",\"description\":\"Ako slabo \u010dujete prilikom razgovora, vrijeme je za mijenjanje zvu\u010dnika. U ProCompu servisu \u0107emo brzo i jednostavno zamijeniti zvu\u010dnik na va\u0161em mobitelu.\",\"breadcrumb\":{\"@id\":\"https:\\\/\\\/procomp.ba\\\/blog\\\/zvucnik-u-kvaru-gdje-ga-zamijeniti\\\/#breadcrumb\"},\"inLanguage\":\"bs-BA\",\"potentialAction\":[{\"@type\":\"ReadAction\",\"target\":[\"https:\\\/\\\/procomp.ba\\\/blog\\\/zvucnik-u-kvaru-gdje-ga-zamijeniti\\\/\"]}]},{\"@type\":\"ImageObject\",\"inLanguage\":\"bs-BA\",\"@id\":\"https:\\\/\\\/procomp.ba\\\/blog\\\/zvucnik-u-kvaru-gdje-ga-zamijeniti\\\/#primaryimage\",\"url\":\"https:\\\/\\\/procomp.ba\\\/blog\\\/wp-content\\\/uploads\\\/2020\\\/01\\\/mobitel-mikrofon-1-1.jpg\",\"contentUrl\":\"https:\\\/\\\/procomp.ba\\\/blog\\\/wp-content\\\/uploads\\\/2020\\\/01\\\/mobitel-mikrofon-1-1.jpg\",\"width\":1200,\"height\":800,\"caption\":\"servis mobitela\"},{\"@type\":\"BreadcrumbList\",\"@id\":\"https:\\\/\\\/procomp.ba\\\/blog\\\/zvucnik-u-kvaru-gdje-ga-zamijeniti\\\/#breadcrumb\",\"itemListElement\":[{\"@type\":\"ListItem\",\"position\":1,\"name\":\"Home\",\"item\":\"https:\\\/\\\/procomp.ba\\\/blog\\\/\"},{\"@type\":\"ListItem\",\"position\":2,\"name\":\"Zvu\u010dnik u kvaru- gdje ga zamijeniti?\"}]},{\"@type\":\"WebSite\",\"@id\":\"https:\\\/\\\/procomp.ba\\\/blog\\\/#website\",\"url\":\"https:\\\/\\\/procomp.ba\\\/blog\\\/\",\"name\":\"ProComp d.o.o. - va\u0161 centar za tehniku\",\"description\":\"ProComp Blog\",\"publisher\":{\"@id\":\"https:\\\/\\\/procomp.ba\\\/blog\\\/#organization\"},\"potentialAction\":[{\"@type\":\"SearchAction\",\"target\":{\"@type\":\"EntryPoint\",\"urlTemplate\":\"https:\\\/\\\/procomp.ba\\\/blog\\\/?s={search_term_string}\"},\"query-input\":{\"@type\":\"PropertyValueSpecification\",\"valueRequired\":true,\"valueName\":\"search_term_string\"}}],\"inLanguage\":\"bs-BA\"},{\"@type\":\"Organization\",\"@id\":\"https:\\\/\\\/procomp.ba\\\/blog\\\/#organization\",\"name\":\"ProComp\",\"url\":\"https:\\\/\\\/procomp.ba\\\/blog\\\/\",\"logo\":{\"@type\":\"ImageObject\",\"inLanguage\":\"bs-BA\",\"@id\":\"https:\\\/\\\/procomp.ba\\\/blog\\\/#\\\/schema\\\/logo\\\/image\\\/\",\"url\":\"https:\\\/\\\/procomp.ba\\\/blog\\\/wp-content\\\/uploads\\\/2018\\\/08\\\/logo-blog-transparent.png\",\"contentUrl\":\"https:\\\/\\\/procomp.ba\\\/blog\\\/wp-content\\\/uploads\\\/2018\\\/08\\\/logo-blog-transparent.png\",\"width\":544,\"height\":180,\"caption\":\"ProComp\"},\"image\":{\"@id\":\"https:\\\/\\\/procomp.ba\\\/blog\\\/#\\\/schema\\\/logo\\\/image\\\/\"},\"sameAs\":[\"https:\\\/\\\/www.facebook.com\\\/procomp.ba\\\/\"]}]}<\/script>\n<!-- \/ Yoast SEO plugin. -->","yoast_head_json":{"title":"Zvu\u010dnik u kvaru- gdje ga zamijeniti? - ProComp Blog","description":"Ako slabo \u010dujete prilikom razgovora, vrijeme je za mijenjanje zvu\u010dnika. U ProCompu servisu \u0107emo brzo i jednostavno zamijeniti zvu\u010dnik na va\u0161em mobitelu.","robots":{"index":"index","follow":"follow","max-snippet":"max-snippet:-1","max-image-preview":"max-image-preview:large","max-video-preview":"max-video-preview:-1"},"canonical":"https:\/\/procomp.ba\/blog\/zvucnik-u-kvaru-gdje-ga-zamijeniti\/","og_locale":"bs_BA","og_type":"article","og_title":"Zvu\u010dnik u kvaru- gdje ga zamijeniti? - ProComp Blog","og_description":"Ako slabo \u010dujete prilikom razgovora, vrijeme je za mijenjanje zvu\u010dnika. U ProCompu servisu \u0107emo brzo i jednostavno zamijeniti zvu\u010dnik na va\u0161em mobitelu.","og_url":"https:\/\/procomp.ba\/blog\/zvucnik-u-kvaru-gdje-ga-zamijeniti\/","og_site_name":"ProComp Blog","article_publisher":"https:\/\/www.facebook.com\/procomp.ba\/","article_modified_time":"2020-01-21T21:29:50+00:00","og_image":[{"width":1200,"height":800,"url":"https:\/\/procomp.ba\/blog\/wp-content\/uploads\/2020\/01\/mobitel-mikrofon-1-1.jpg","type":"image\/jpeg"}],"twitter_card":"summary_large_image","twitter_misc":{"Est. reading time":"2 minute"},"schema":{"@context":"https:\/\/schema.org","@graph":[{"@type":"WebPage","@id":"https:\/\/procomp.ba\/blog\/zvucnik-u-kvaru-gdje-ga-zamijeniti\/","url":"https:\/\/procomp.ba\/blog\/zvucnik-u-kvaru-gdje-ga-zamijeniti\/","name":"Zvu\u010dnik u kvaru- gdje ga zamijeniti? - ProComp Blog","isPartOf":{"@id":"https:\/\/procomp.ba\/blog\/#website"},"primaryImageOfPage":{"@id":"https:\/\/procomp.ba\/blog\/zvucnik-u-kvaru-gdje-ga-zamijeniti\/#primaryimage"},"image":{"@id":"https:\/\/procomp.ba\/blog\/zvucnik-u-kvaru-gdje-ga-zamijeniti\/#primaryimage"},"thumbnailUrl":"https:\/\/procomp.ba\/blog\/wp-content\/uploads\/2020\/01\/mobitel-mikrofon-1-1.jpg","datePublished":"2020-01-16T21:29:39+00:00","dateModified":"2020-01-21T21:29:50+00:00","description":"Ako slabo \u010dujete prilikom razgovora, vrijeme je za mijenjanje zvu\u010dnika. U ProCompu servisu \u0107emo brzo i jednostavno zamijeniti zvu\u010dnik na va\u0161em mobitelu.","breadcrumb":{"@id":"https:\/\/procomp.ba\/blog\/zvucnik-u-kvaru-gdje-ga-zamijeniti\/#breadcrumb"},"inLanguage":"bs-BA","potentialAction":[{"@type":"ReadAction","target":["https:\/\/procomp.ba\/blog\/zvucnik-u-kvaru-gdje-ga-zamijeniti\/"]}]},{"@type":"ImageObject","inLanguage":"bs-BA","@id":"https:\/\/procomp.ba\/blog\/zvucnik-u-kvaru-gdje-ga-zamijeniti\/#primaryimage","url":"https:\/\/procomp.ba\/blog\/wp-content\/uploads\/2020\/01\/mobitel-mikrofon-1-1.jpg","contentUrl":"https:\/\/procomp.ba\/blog\/wp-content\/uploads\/2020\/01\/mobitel-mikrofon-1-1.jpg","width":1200,"height":800,"caption":"servis mobitela"},{"@type":"BreadcrumbList","@id":"https:\/\/procomp.ba\/blog\/zvucnik-u-kvaru-gdje-ga-zamijeniti\/#breadcrumb","itemListElement":[{"@type":"ListItem","position":1,"name":"Home","item":"https:\/\/procomp.ba\/blog\/"},{"@type":"ListItem","position":2,"name":"Zvu\u010dnik u kvaru- gdje ga zamijeniti?"}]},{"@type":"WebSite","@id":"https:\/\/procomp.ba\/blog\/#website","url":"https:\/\/procomp.ba\/blog\/","name":"ProComp d.o.o. - va\u0161 centar za tehniku","description":"ProComp Blog","publisher":{"@id":"https:\/\/procomp.ba\/blog\/#organization"},"potentialAction":[{"@type":"SearchAction","target":{"@type":"EntryPoint","urlTemplate":"https:\/\/procomp.ba\/blog\/?s={search_term_string}"},"query-input":{"@type":"PropertyValueSpecification","valueRequired":true,"valueName":"search_term_string"}}],"inLanguage":"bs-BA"},{"@type":"Organization","@id":"https:\/\/procomp.ba\/blog\/#organization","name":"ProComp","url":"https:\/\/procomp.ba\/blog\/","logo":{"@type":"ImageObject","inLanguage":"bs-BA","@id":"https:\/\/procomp.ba\/blog\/#\/schema\/logo\/image\/","url":"https:\/\/procomp.ba\/blog\/wp-content\/uploads\/2018\/08\/logo-blog-transparent.png","contentUrl":"https:\/\/procomp.ba\/blog\/wp-content\/uploads\/2018\/08\/logo-blog-transparent.png","width":544,"height":180,"caption":"ProComp"},"image":{"@id":"https:\/\/procomp.ba\/blog\/#\/schema\/logo\/image\/"},"sameAs":["https:\/\/www.facebook.com\/procomp.ba\/"]}]}},"_links":{"self":[{"href":"https:\/\/procomp.ba\/blog\/wp-json\/wp\/v2\/pages\/4798","targetHints":{"allow":["GET"]}}],"collection":[{"href":"https:\/\/procomp.ba\/blog\/wp-json\/wp\/v2\/pages"}],"about":[{"href":"https:\/\/procomp.ba\/blog\/wp-json\/wp\/v2\/types\/page"}],"author":[{"embeddable":true,"href":"https:\/\/procomp.ba\/blog\/wp-json\/wp\/v2\/users\/1"}],"replies":[{"embeddable":true,"href":"https:\/\/procomp.ba\/blog\/wp-json\/wp\/v2\/comments?post=4798"}],"version-history":[{"count":12,"href":"https:\/\/procomp.ba\/blog\/wp-json\/wp\/v2\/pages\/4798\/revisions"}],"predecessor-version":[{"id":4987,"href":"https:\/\/procomp.ba\/blog\/wp-json\/wp\/v2\/pages\/4798\/revisions\/4987"}],"wp:featuredmedia":[{"embeddable":true,"href":"https:\/\/procomp.ba\/blog\/wp-json\/wp\/v2\/media\/4835"}],"wp:attachment":[{"href":"https:\/\/procomp.ba\/blog\/wp-json\/wp\/v2\/media?parent=4798"}],"curies":[{"name":"wp","href":"https:\/\/api.w.org\/{rel}","templated":true}]}}