{"id":4866,"date":"2020-01-17T12:13:36","date_gmt":"2020-01-17T11:13:36","guid":{"rendered":"https:\/\/procomp.ba\/blog\/?page_id=4866"},"modified":"2020-01-21T22:34:43","modified_gmt":"2020-01-21T21:34:43","slug":"azuriranje-softvera-na-vasem-mobitelu-u-nasem-servisu","status":"publish","type":"page","link":"https:\/\/procomp.ba\/blog\/azuriranje-softvera-na-vasem-mobitelu-u-nasem-servisu\/","title":{"rendered":"A\u017euriranje softvera na va\u0161em mobitelu u na\u0161em servisu"},"content":{"rendered":"\n<figure class=\"wp-block-image size-large\"><img loading=\"lazy\" decoding=\"async\" width=\"1024\" height=\"683\" src=\"https:\/\/procomp.ba\/blog\/wp-content\/uploads\/2020\/01\/update-sistem-1-1024x683.jpg\" alt=\"\" class=\"wp-image-4935\" srcset=\"https:\/\/procomp.ba\/blog\/wp-content\/uploads\/2020\/01\/update-sistem-1-1024x683.jpg 1024w, https:\/\/procomp.ba\/blog\/wp-content\/uploads\/2020\/01\/update-sistem-1-300x200.jpg 300w, https:\/\/procomp.ba\/blog\/wp-content\/uploads\/2020\/01\/update-sistem-1-768x512.jpg 768w, https:\/\/procomp.ba\/blog\/wp-content\/uploads\/2020\/01\/update-sistem-1-696x464.jpg 696w, https:\/\/procomp.ba\/blog\/wp-content\/uploads\/2020\/01\/update-sistem-1-1068x712.jpg 1068w, https:\/\/procomp.ba\/blog\/wp-content\/uploads\/2020\/01\/update-sistem-1-630x420.jpg 630w, https:\/\/procomp.ba\/blog\/wp-content\/uploads\/2020\/01\/update-sistem-1.jpg 1200w\" sizes=\"auto, (max-width: 1024px) 100vw, 1024px\" \/><\/figure>\n\n\n\n<p>Radimo a\u017euriranje softvera za sljede\u0107e brendove <strong>Xiaomi, Huawei, Ulefone, Prestigio, Iphone, Samsung, Lenovo, Nokia, Vivax, Oukitel<\/strong>.<\/p>\n\n\n\n<p>Va\u0161 telefon je usporio ili vam tablet pravi probleme? Vrijeme je da va\u0161 mobitel ili tablet bude br\u017ei i stabilniji, a va\u0161i nervi mirniji. Ukoliko va\u0161 telefon ko\u010di i baga \u010desto imate sigurno neki problem sa softverom. <strong>Softversko a\u017euriranje telefona i tableta<\/strong>&nbsp;u&nbsp;<strong>ProComp servisu<\/strong>&nbsp;za&nbsp; <strong>Xiaomi, Huawei, Ulefone, Prestigio, Iphone, Samsung, Lenovo, Nokia, Vivax, Oukitel<\/strong> \u0107e u\u010diniti da se va\u0161 telefon vrati u punom sjaju. Nema bagganja i ko\u010denja, novi softver radi besprijekorno. <\/p>\n\n\n\n<p>Postoji vi\u0161e razloga zbog kojih bi trebali a\u017eurirati softver na va\u0161em telefonu. Redovnim kori\u0161tenjem telefona pokupi se dosta virusa i nepotrebnih datoteka koje uti\u010du na performanse telefona. Sve ovo se rje\u0161avana a\u017euriranjem, tj. nadogradnjom softvera.<\/p>\n\n\n\n<h3 class=\"wp-block-heading\">Softversko a\u017euriranje pobolj\u0161ava va\u0161e korisni\u010dko iskustvo<\/h3>\n\n\n\n<p>Prilikom kori\u0161tenja smartphone telefona, postoji par stvari koje morate odraditi da bi u potpunosti iskoristili puni potencijal telefona. A\u017euriranje softvera vam donosi brojna softverska pobolj\u0161anja i zna\u010dajno unapre\u0111uje funcije va\u0161eg telefona.Proizvo\u0111a\u010di telefona konstantno poku\u0161avaju pobolj\u0161ati korisni\u010dke usluge, a sve to dobijete uz najnoviji update. <\/p>\n\n\n\n<p>Svaki update \u0107e vam biti pri ruci ako na vrijeme izvr\u0161ite a\u017euriranje softvera. Lako i jednostavno to mo\u017eete obaviti u na\u0161em <strong>ProComp<\/strong> servisu. <\/p>\n\n\n\n<p><strong>Cijena a\u017euriranja softvera na <\/strong>mobitela, tj. r<strong>einstalacija sistema na mobilnom<\/strong>&nbsp;nije ista za sve vrste telefona i zavisi od:<\/p>\n\n\n\n<ul class=\"wp-block-list\"><li>na\u010dina na koji se <strong>obavlja a\u017euriranje softvera,<\/strong><\/li><li>marke i modela telefona,<\/li><li>vrste&nbsp;<strong>operativnog sistema<\/strong>&nbsp;koji se&nbsp;<strong>a\u017eurira<\/strong><\/li><\/ul>\n\n\n\n<p>U <strong>Procomp servisu<\/strong> rade iskusni serviseri koji znaju trikove svoga zanata i uspje\u0161no \u0107e provesti svako softversko a\u017euriranje telefona. Na ovaj na\u010din, prostor za gre\u0161ku je minimalan. Ovo omogu\u0107ava besprijekorno kori\u0161tenje telefona, \u0161to pri\u010dinjava zadovoljstvo i vama i nama. Svima nam je cilj da va\u0161 telefon radi bolje nakon samog a\u017euriranja.<\/p>\n\n\n\n<figure class=\"wp-block-image size-large\"><img loading=\"lazy\" decoding=\"async\" width=\"640\" height=\"480\" src=\"https:\/\/procomp.ba\/blog\/wp-content\/uploads\/2020\/01\/Kako-utice-azuriranje-sftvera-na-pracenje-mobilnog-telefona.jpg\" alt=\"\" class=\"wp-image-4869\" srcset=\"https:\/\/procomp.ba\/blog\/wp-content\/uploads\/2020\/01\/Kako-utice-azuriranje-sftvera-na-pracenje-mobilnog-telefona.jpg 640w, https:\/\/procomp.ba\/blog\/wp-content\/uploads\/2020\/01\/Kako-utice-azuriranje-sftvera-na-pracenje-mobilnog-telefona-300x225.jpg 300w, https:\/\/procomp.ba\/blog\/wp-content\/uploads\/2020\/01\/Kako-utice-azuriranje-sftvera-na-pracenje-mobilnog-telefona-80x60.jpg 80w, https:\/\/procomp.ba\/blog\/wp-content\/uploads\/2020\/01\/Kako-utice-azuriranje-sftvera-na-pracenje-mobilnog-telefona-265x198.jpg 265w, https:\/\/procomp.ba\/blog\/wp-content\/uploads\/2020\/01\/Kako-utice-azuriranje-sftvera-na-pracenje-mobilnog-telefona-560x420.jpg 560w\" sizes=\"auto, (max-width: 640px) 100vw, 640px\" \/><figcaption>A\u017euriranje softvera je brz i lagan proces.<\/figcaption><\/figure>\n\n\n\n<h3 class=\"wp-block-heading\">Koliko traje a\u017euriranje softvera u na\u0161em servisu?<\/h3>\n\n\n\n<p>U najve\u0107em broju slu\u010dajeva,&nbsp;<strong>softversko a\u017euriranje telefona i tableta&nbsp;<\/strong>traje par sati. Potrebno je da svoj ure\u0111aj donesete li\u010dno u&nbsp;<strong>ProComp servis<\/strong>, predate ga i sa\u010dekate da vas pozovemo. Trudimo se da posao odradimo u rekordnom roku.<\/p>\n\n\n\n<p>Trebate znati da&nbsp;<strong>a\u017euriranje softvera telefona\/tableta<\/strong>&nbsp;ne uti\u010de na garanciju va\u0161eg telefona. Tj. ne gubite pravo na garanciju, jer prilikom a\u017euriranja softvera nema potrebe da se otvara mobitel. Ovo je odli\u010dna stvar koju mo\u017eete uraditi za svoj telefon, jer vam omogu\u0107ava du\u017ee i nesmetanije kori\u0161tenje va\u0161eg mobitela ili tableta.<\/p>\n\n\n\n<div class=\"wp-block-image\"><figure class=\"aligncenter size-large\"><img loading=\"lazy\" decoding=\"async\" width=\"700\" height=\"200\" src=\"https:\/\/procomp.ba\/blog\/wp-content\/uploads\/2020\/01\/rezervisite-termin-4.jpg\" alt=\"servis mobitela\" class=\"wp-image-4957\" srcset=\"https:\/\/procomp.ba\/blog\/wp-content\/uploads\/2020\/01\/rezervisite-termin-4.jpg 700w, https:\/\/procomp.ba\/blog\/wp-content\/uploads\/2020\/01\/rezervisite-termin-4-300x86.jpg 300w, https:\/\/procomp.ba\/blog\/wp-content\/uploads\/2020\/01\/rezervisite-termin-4-696x200.jpg 696w\" sizes=\"auto, (max-width: 700px) 100vw, 700px\" \/><\/figure><\/div>\n","protected":false},"excerpt":{"rendered":"<p>Radimo a\u017euriranje softvera za sljede\u0107e brendove Xiaomi, Huawei, Ulefone, Prestigio, Iphone, Samsung, Lenovo, Nokia, Vivax, Oukitel. Va\u0161 telefon je usporio ili vam tablet pravi probleme? Vrijeme je da va\u0161 mobitel ili tablet bude br\u017ei i stabilniji, a va\u0161i nervi mirniji. Ukoliko va\u0161 telefon ko\u010di i baga \u010desto imate sigurno neki problem sa softverom. Softversko a\u017euriranje [&hellip;]<\/p>\n","protected":false},"author":1,"featured_media":4873,"parent":0,"menu_order":0,"comment_status":"closed","ping_status":"closed","template":"","meta":{"footnotes":""},"class_list":["post-4866","page","type-page","status-publish","has-post-thumbnail","hentry"],"yoast_head":"<!-- This site is optimized with the Yoast SEO plugin v27.4 - https:\/\/yoast.com\/product\/yoast-seo-wordpress\/ -->\n<title>A\u017euriranje softvera na va\u0161em mobitelu u na\u0161em servisu - ProComp Blog<\/title>\n<meta name=\"description\" content=\"Radimo a\u017euriranje softvera za sljede\u0107e brendove Xiaomi, Huawei, Ulefone, Prestigio, Iphone, Samsung, Lenovo, Nokia, Vivax, Oukitel.\" \/>\n<meta name=\"robots\" content=\"index, follow, max-snippet:-1, max-image-preview:large, max-video-preview:-1\" \/>\n<link rel=\"canonical\" href=\"https:\/\/procomp.ba\/blog\/azuriranje-softvera-na-vasem-mobitelu-u-nasem-servisu\/\" \/>\n<meta property=\"og:locale\" content=\"bs_BA\" \/>\n<meta property=\"og:type\" content=\"article\" \/>\n<meta property=\"og:title\" content=\"A\u017euriranje softvera na va\u0161em mobitelu u na\u0161em servisu - ProComp Blog\" \/>\n<meta property=\"og:description\" content=\"Radimo a\u017euriranje softvera za sljede\u0107e brendove Xiaomi, Huawei, Ulefone, Prestigio, Iphone, Samsung, Lenovo, Nokia, Vivax, Oukitel.\" \/>\n<meta property=\"og:url\" content=\"https:\/\/procomp.ba\/blog\/azuriranje-softvera-na-vasem-mobitelu-u-nasem-servisu\/\" \/>\n<meta property=\"og:site_name\" content=\"ProComp Blog\" \/>\n<meta property=\"article:publisher\" content=\"https:\/\/www.facebook.com\/procomp.ba\/\" \/>\n<meta property=\"article:modified_time\" content=\"2020-01-21T21:34:43+00:00\" \/>\n<meta property=\"og:image\" content=\"https:\/\/procomp.ba\/blog\/wp-content\/uploads\/2020\/01\/android-update-gears1.jpg\" \/>\n\t<meta property=\"og:image:width\" content=\"625\" \/>\n\t<meta property=\"og:image:height\" content=\"378\" \/>\n\t<meta property=\"og:image:type\" content=\"image\/jpeg\" \/>\n<meta name=\"twitter:card\" content=\"summary_large_image\" \/>\n<meta name=\"twitter:label1\" content=\"Est. reading time\" \/>\n\t<meta name=\"twitter:data1\" content=\"2 minute\" \/>\n<script type=\"application\/ld+json\" class=\"yoast-schema-graph\">{\"@context\":\"https:\\\/\\\/schema.org\",\"@graph\":[{\"@type\":\"WebPage\",\"@id\":\"https:\\\/\\\/procomp.ba\\\/blog\\\/azuriranje-softvera-na-vasem-mobitelu-u-nasem-servisu\\\/\",\"url\":\"https:\\\/\\\/procomp.ba\\\/blog\\\/azuriranje-softvera-na-vasem-mobitelu-u-nasem-servisu\\\/\",\"name\":\"A\u017euriranje softvera na va\u0161em mobitelu u na\u0161em servisu - ProComp Blog\",\"isPartOf\":{\"@id\":\"https:\\\/\\\/procomp.ba\\\/blog\\\/#website\"},\"primaryImageOfPage\":{\"@id\":\"https:\\\/\\\/procomp.ba\\\/blog\\\/azuriranje-softvera-na-vasem-mobitelu-u-nasem-servisu\\\/#primaryimage\"},\"image\":{\"@id\":\"https:\\\/\\\/procomp.ba\\\/blog\\\/azuriranje-softvera-na-vasem-mobitelu-u-nasem-servisu\\\/#primaryimage\"},\"thumbnailUrl\":\"https:\\\/\\\/procomp.ba\\\/blog\\\/wp-content\\\/uploads\\\/2020\\\/01\\\/android-update-gears1.jpg\",\"datePublished\":\"2020-01-17T11:13:36+00:00\",\"dateModified\":\"2020-01-21T21:34:43+00:00\",\"description\":\"Radimo a\u017euriranje softvera za sljede\u0107e brendove Xiaomi, Huawei, Ulefone, Prestigio, Iphone, Samsung, Lenovo, Nokia, Vivax, Oukitel.\",\"breadcrumb\":{\"@id\":\"https:\\\/\\\/procomp.ba\\\/blog\\\/azuriranje-softvera-na-vasem-mobitelu-u-nasem-servisu\\\/#breadcrumb\"},\"inLanguage\":\"bs-BA\",\"potentialAction\":[{\"@type\":\"ReadAction\",\"target\":[\"https:\\\/\\\/procomp.ba\\\/blog\\\/azuriranje-softvera-na-vasem-mobitelu-u-nasem-servisu\\\/\"]}]},{\"@type\":\"ImageObject\",\"inLanguage\":\"bs-BA\",\"@id\":\"https:\\\/\\\/procomp.ba\\\/blog\\\/azuriranje-softvera-na-vasem-mobitelu-u-nasem-servisu\\\/#primaryimage\",\"url\":\"https:\\\/\\\/procomp.ba\\\/blog\\\/wp-content\\\/uploads\\\/2020\\\/01\\\/android-update-gears1.jpg\",\"contentUrl\":\"https:\\\/\\\/procomp.ba\\\/blog\\\/wp-content\\\/uploads\\\/2020\\\/01\\\/android-update-gears1.jpg\",\"width\":625,\"height\":378},{\"@type\":\"BreadcrumbList\",\"@id\":\"https:\\\/\\\/procomp.ba\\\/blog\\\/azuriranje-softvera-na-vasem-mobitelu-u-nasem-servisu\\\/#breadcrumb\",\"itemListElement\":[{\"@type\":\"ListItem\",\"position\":1,\"name\":\"Home\",\"item\":\"https:\\\/\\\/procomp.ba\\\/blog\\\/\"},{\"@type\":\"ListItem\",\"position\":2,\"name\":\"A\u017euriranje softvera na va\u0161em mobitelu u na\u0161em servisu\"}]},{\"@type\":\"WebSite\",\"@id\":\"https:\\\/\\\/procomp.ba\\\/blog\\\/#website\",\"url\":\"https:\\\/\\\/procomp.ba\\\/blog\\\/\",\"name\":\"ProComp d.o.o. - va\u0161 centar za tehniku\",\"description\":\"ProComp Blog\",\"publisher\":{\"@id\":\"https:\\\/\\\/procomp.ba\\\/blog\\\/#organization\"},\"potentialAction\":[{\"@type\":\"SearchAction\",\"target\":{\"@type\":\"EntryPoint\",\"urlTemplate\":\"https:\\\/\\\/procomp.ba\\\/blog\\\/?s={search_term_string}\"},\"query-input\":{\"@type\":\"PropertyValueSpecification\",\"valueRequired\":true,\"valueName\":\"search_term_string\"}}],\"inLanguage\":\"bs-BA\"},{\"@type\":\"Organization\",\"@id\":\"https:\\\/\\\/procomp.ba\\\/blog\\\/#organization\",\"name\":\"ProComp\",\"url\":\"https:\\\/\\\/procomp.ba\\\/blog\\\/\",\"logo\":{\"@type\":\"ImageObject\",\"inLanguage\":\"bs-BA\",\"@id\":\"https:\\\/\\\/procomp.ba\\\/blog\\\/#\\\/schema\\\/logo\\\/image\\\/\",\"url\":\"https:\\\/\\\/procomp.ba\\\/blog\\\/wp-content\\\/uploads\\\/2018\\\/08\\\/logo-blog-transparent.png\",\"contentUrl\":\"https:\\\/\\\/procomp.ba\\\/blog\\\/wp-content\\\/uploads\\\/2018\\\/08\\\/logo-blog-transparent.png\",\"width\":544,\"height\":180,\"caption\":\"ProComp\"},\"image\":{\"@id\":\"https:\\\/\\\/procomp.ba\\\/blog\\\/#\\\/schema\\\/logo\\\/image\\\/\"},\"sameAs\":[\"https:\\\/\\\/www.facebook.com\\\/procomp.ba\\\/\"]}]}<\/script>\n<!-- \/ Yoast SEO plugin. -->","yoast_head_json":{"title":"A\u017euriranje softvera na va\u0161em mobitelu u na\u0161em servisu - ProComp Blog","description":"Radimo a\u017euriranje softvera za sljede\u0107e brendove Xiaomi, Huawei, Ulefone, Prestigio, Iphone, Samsung, Lenovo, Nokia, Vivax, Oukitel.","robots":{"index":"index","follow":"follow","max-snippet":"max-snippet:-1","max-image-preview":"max-image-preview:large","max-video-preview":"max-video-preview:-1"},"canonical":"https:\/\/procomp.ba\/blog\/azuriranje-softvera-na-vasem-mobitelu-u-nasem-servisu\/","og_locale":"bs_BA","og_type":"article","og_title":"A\u017euriranje softvera na va\u0161em mobitelu u na\u0161em servisu - ProComp Blog","og_description":"Radimo a\u017euriranje softvera za sljede\u0107e brendove Xiaomi, Huawei, Ulefone, Prestigio, Iphone, Samsung, Lenovo, Nokia, Vivax, Oukitel.","og_url":"https:\/\/procomp.ba\/blog\/azuriranje-softvera-na-vasem-mobitelu-u-nasem-servisu\/","og_site_name":"ProComp Blog","article_publisher":"https:\/\/www.facebook.com\/procomp.ba\/","article_modified_time":"2020-01-21T21:34:43+00:00","og_image":[{"width":625,"height":378,"url":"https:\/\/procomp.ba\/blog\/wp-content\/uploads\/2020\/01\/android-update-gears1.jpg","type":"image\/jpeg"}],"twitter_card":"summary_large_image","twitter_misc":{"Est. reading time":"2 minute"},"schema":{"@context":"https:\/\/schema.org","@graph":[{"@type":"WebPage","@id":"https:\/\/procomp.ba\/blog\/azuriranje-softvera-na-vasem-mobitelu-u-nasem-servisu\/","url":"https:\/\/procomp.ba\/blog\/azuriranje-softvera-na-vasem-mobitelu-u-nasem-servisu\/","name":"A\u017euriranje softvera na va\u0161em mobitelu u na\u0161em servisu - ProComp Blog","isPartOf":{"@id":"https:\/\/procomp.ba\/blog\/#website"},"primaryImageOfPage":{"@id":"https:\/\/procomp.ba\/blog\/azuriranje-softvera-na-vasem-mobitelu-u-nasem-servisu\/#primaryimage"},"image":{"@id":"https:\/\/procomp.ba\/blog\/azuriranje-softvera-na-vasem-mobitelu-u-nasem-servisu\/#primaryimage"},"thumbnailUrl":"https:\/\/procomp.ba\/blog\/wp-content\/uploads\/2020\/01\/android-update-gears1.jpg","datePublished":"2020-01-17T11:13:36+00:00","dateModified":"2020-01-21T21:34:43+00:00","description":"Radimo a\u017euriranje softvera za sljede\u0107e brendove Xiaomi, Huawei, Ulefone, Prestigio, Iphone, Samsung, Lenovo, Nokia, Vivax, Oukitel.","breadcrumb":{"@id":"https:\/\/procomp.ba\/blog\/azuriranje-softvera-na-vasem-mobitelu-u-nasem-servisu\/#breadcrumb"},"inLanguage":"bs-BA","potentialAction":[{"@type":"ReadAction","target":["https:\/\/procomp.ba\/blog\/azuriranje-softvera-na-vasem-mobitelu-u-nasem-servisu\/"]}]},{"@type":"ImageObject","inLanguage":"bs-BA","@id":"https:\/\/procomp.ba\/blog\/azuriranje-softvera-na-vasem-mobitelu-u-nasem-servisu\/#primaryimage","url":"https:\/\/procomp.ba\/blog\/wp-content\/uploads\/2020\/01\/android-update-gears1.jpg","contentUrl":"https:\/\/procomp.ba\/blog\/wp-content\/uploads\/2020\/01\/android-update-gears1.jpg","width":625,"height":378},{"@type":"BreadcrumbList","@id":"https:\/\/procomp.ba\/blog\/azuriranje-softvera-na-vasem-mobitelu-u-nasem-servisu\/#breadcrumb","itemListElement":[{"@type":"ListItem","position":1,"name":"Home","item":"https:\/\/procomp.ba\/blog\/"},{"@type":"ListItem","position":2,"name":"A\u017euriranje softvera na va\u0161em mobitelu u na\u0161em servisu"}]},{"@type":"WebSite","@id":"https:\/\/procomp.ba\/blog\/#website","url":"https:\/\/procomp.ba\/blog\/","name":"ProComp d.o.o. - va\u0161 centar za tehniku","description":"ProComp Blog","publisher":{"@id":"https:\/\/procomp.ba\/blog\/#organization"},"potentialAction":[{"@type":"SearchAction","target":{"@type":"EntryPoint","urlTemplate":"https:\/\/procomp.ba\/blog\/?s={search_term_string}"},"query-input":{"@type":"PropertyValueSpecification","valueRequired":true,"valueName":"search_term_string"}}],"inLanguage":"bs-BA"},{"@type":"Organization","@id":"https:\/\/procomp.ba\/blog\/#organization","name":"ProComp","url":"https:\/\/procomp.ba\/blog\/","logo":{"@type":"ImageObject","inLanguage":"bs-BA","@id":"https:\/\/procomp.ba\/blog\/#\/schema\/logo\/image\/","url":"https:\/\/procomp.ba\/blog\/wp-content\/uploads\/2018\/08\/logo-blog-transparent.png","contentUrl":"https:\/\/procomp.ba\/blog\/wp-content\/uploads\/2018\/08\/logo-blog-transparent.png","width":544,"height":180,"caption":"ProComp"},"image":{"@id":"https:\/\/procomp.ba\/blog\/#\/schema\/logo\/image\/"},"sameAs":["https:\/\/www.facebook.com\/procomp.ba\/"]}]}},"_links":{"self":[{"href":"https:\/\/procomp.ba\/blog\/wp-json\/wp\/v2\/pages\/4866","targetHints":{"allow":["GET"]}}],"collection":[{"href":"https:\/\/procomp.ba\/blog\/wp-json\/wp\/v2\/pages"}],"about":[{"href":"https:\/\/procomp.ba\/blog\/wp-json\/wp\/v2\/types\/page"}],"author":[{"embeddable":true,"href":"https:\/\/procomp.ba\/blog\/wp-json\/wp\/v2\/users\/1"}],"replies":[{"embeddable":true,"href":"https:\/\/procomp.ba\/blog\/wp-json\/wp\/v2\/comments?post=4866"}],"version-history":[{"count":8,"href":"https:\/\/procomp.ba\/blog\/wp-json\/wp\/v2\/pages\/4866\/revisions"}],"predecessor-version":[{"id":4996,"href":"https:\/\/procomp.ba\/blog\/wp-json\/wp\/v2\/pages\/4866\/revisions\/4996"}],"wp:featuredmedia":[{"embeddable":true,"href":"https:\/\/procomp.ba\/blog\/wp-json\/wp\/v2\/media\/4873"}],"wp:attachment":[{"href":"https:\/\/procomp.ba\/blog\/wp-json\/wp\/v2\/media?parent=4866"}],"curies":[{"name":"wp","href":"https:\/\/api.w.org\/{rel}","templated":true}]}}