{"id":4876,"date":"2020-01-17T13:57:09","date_gmt":"2020-01-17T12:57:09","guid":{"rendered":"https:\/\/procomp.ba\/blog\/?page_id=4876"},"modified":"2020-01-21T22:34:11","modified_gmt":"2020-01-21T21:34:11","slug":"backup-spasavanje-podataka-na-vasem-telefonu","status":"publish","type":"page","link":"https:\/\/procomp.ba\/blog\/backup-spasavanje-podataka-na-vasem-telefonu\/","title":{"rendered":"Backup (spa\u0161avanje podataka) na va\u0161em telefonu"},"content":{"rendered":"\n<h3 class=\"wp-block-heading\">Osigurajte svoje podatke na vrijeme <\/h3>\n\n\n\n<figure class=\"wp-block-image size-large\"><img loading=\"lazy\" decoding=\"async\" width=\"1024\" height=\"683\" src=\"https:\/\/procomp.ba\/blog\/wp-content\/uploads\/2020\/01\/spas\u030cavanje-podataka-1-1024x683.jpg\" alt=\"\" class=\"wp-image-4941\" srcset=\"https:\/\/procomp.ba\/blog\/wp-content\/uploads\/2020\/01\/spas\u030cavanje-podataka-1-1024x683.jpg 1024w, https:\/\/procomp.ba\/blog\/wp-content\/uploads\/2020\/01\/spas\u030cavanje-podataka-1-300x200.jpg 300w, https:\/\/procomp.ba\/blog\/wp-content\/uploads\/2020\/01\/spas\u030cavanje-podataka-1-768x512.jpg 768w, https:\/\/procomp.ba\/blog\/wp-content\/uploads\/2020\/01\/spas\u030cavanje-podataka-1-696x464.jpg 696w, https:\/\/procomp.ba\/blog\/wp-content\/uploads\/2020\/01\/spas\u030cavanje-podataka-1-1068x712.jpg 1068w, https:\/\/procomp.ba\/blog\/wp-content\/uploads\/2020\/01\/spas\u030cavanje-podataka-1-630x420.jpg 630w, https:\/\/procomp.ba\/blog\/wp-content\/uploads\/2020\/01\/spas\u030cavanje-podataka-1.jpg 1200w\" sizes=\"auto, (max-width: 1024px) 100vw, 1024px\" \/><\/figure>\n\n\n\n<p><strong>Prebacivanje podataka sa Androida na iPhone ili Windows telefon<\/strong>&nbsp;i obrnuto. Ponekad se va\u0161 telefon ne mo\u017ee popraviti, a \u017eelite zadr\u017eati podatke koje ste imali onda je vrijeme da uradite backup. Backup je spa\u0161avanje podataka sa mobilnog telefona. Ponekad je potreban ako \u017eelite zamijeniti svoj telefon, i \u017eelite da prebacite podatke sa starog na novi mobilni telefon. <\/p>\n\n\n\n<p>Ukoliko ste odnijeli telefon u servis, potrebno je uraditi i backup. Backup se radi iz razloga \u0161to prilikom nekih popravki se mo\u017ee desiti da se izbri\u0161u kompletni podatci sa telefona. <\/p>\n\n\n\n<p>Sve usluge nudi vam na\u0161 <strong>ProComp<\/strong> servis. <\/p>\n\n\n\n<h3 class=\"wp-block-heading\">Nudimo backup po pristupa\u010dnim cijenama<\/h3>\n\n\n\n<p>Ponekad backup mo\u017ee biti poprili\u010dno komplikovan, jer uklju\u010duje mnogo razli\u010ditih zadataka. Neki od tih uklju\u010duje prebacivanje kontakata, slika, poruka i razli\u010ditih datoteka. Ponekad je potrebno prebaciti datoteke sa mobilnog telefona na USB stick ili disk, a ponekad je potrebno prebaciti podatke sa jednog telefona na drugi.<\/p>\n\n\n\n<figure class=\"wp-block-image size-large\"><img loading=\"lazy\" decoding=\"async\" width=\"906\" height=\"480\" src=\"https:\/\/procomp.ba\/blog\/wp-content\/uploads\/2020\/01\/kako-prebaciti-podakte-ne-novi-mobitel.jpg\" alt=\"\" class=\"wp-image-4877\" srcset=\"https:\/\/procomp.ba\/blog\/wp-content\/uploads\/2020\/01\/kako-prebaciti-podakte-ne-novi-mobitel.jpg 906w, https:\/\/procomp.ba\/blog\/wp-content\/uploads\/2020\/01\/kako-prebaciti-podakte-ne-novi-mobitel-300x159.jpg 300w, https:\/\/procomp.ba\/blog\/wp-content\/uploads\/2020\/01\/kako-prebaciti-podakte-ne-novi-mobitel-768x407.jpg 768w, https:\/\/procomp.ba\/blog\/wp-content\/uploads\/2020\/01\/kako-prebaciti-podakte-ne-novi-mobitel-696x369.jpg 696w, https:\/\/procomp.ba\/blog\/wp-content\/uploads\/2020\/01\/kako-prebaciti-podakte-ne-novi-mobitel-793x420.jpg 793w\" sizes=\"auto, (max-width: 906px) 100vw, 906px\" \/><figcaption>Backup va\u0161ih podataka je kompletno siguran proces.<\/figcaption><\/figure>\n\n\n\n<p>Ukoliko je va\u0161 telefon o\u0161te\u0107en prilikom pada ili pada u vodu izrazito je te\u0161ko spa\u0161avati podatke i zna biti pravi izazov. Izazov le\u017ei u tome \u0161to su ti telefoni u potpunosti uni\u0161teni i u ve\u0107ini slu\u010dajeva uop\u0161te ne rade. Tu vam jedino mogu pomo\u0107i iskusni serviseri koji pri ruci imaju posebne ure\u0111aje za spa\u0161avanje podataka sa mobilnog telefona.<\/p>\n\n\n\n<p>Ako se desi da gre\u0161kom obri\u0161ete kontakte ili slike sa telefona, potreban je fabri\u010dki reset telefona. Ukoliko ste obrisali sve podatke sa telefona, potrebno je da \u0161to prije donesete svoj ure\u0111aj u ProComp. Ako se spa\u0161avanju podataka pristupi odmah, ve\u0107a je vjerovatno\u0107a da se spasi sve.<\/p>\n\n\n\n<p>Mi smo svjesni da u svome telefonu \u010duvate sve od uspomena do va\u017enih kontakata i poruka i da bi vam gubitak podataka te\u0161ko pao. Zato vam ProComp nudi servis va\u0161ih telefona i vr\u0161i backup va\u0161ih dragocjenih podataka.<\/p>\n\n\n\n<p>Procomp servis vam nudi backup i spa\u0161avanje podataka po jako pristupa\u010dnoj cijeni. <\/p>\n\n\n\n<p>Podatke sa va\u0161eg telefona \u0107emo prebaciti na CD ili USB da biste uvijek imali pri ruci kopiju va\u0161eg sadr\u017eaja. <\/p>\n\n\n\n<h3 class=\"wp-block-heading\">Sigurnost va\u0161ih podataka<\/h3>\n\n\n\n<p>Kada predajete nekome svoj telefon, naravno da \u0107e se javiti odre\u0111ena briga gdje bi mogli zavr\u0161iti ti podaci. Budite bez brige. Prilikom backup procedure va\u0161i podaci su bezbijedni. Nema mogu\u0107nosti da &#8220;iza\u0111u u javnost&#8221;. Posjetite nas i uvjerite se kvalitet na\u0161ih usluga. <\/p>\n\n\n\n<div class=\"wp-block-image\"><figure class=\"aligncenter size-large\"><img loading=\"lazy\" decoding=\"async\" width=\"700\" height=\"200\" src=\"https:\/\/procomp.ba\/blog\/wp-content\/uploads\/2020\/01\/rezervisite-termin-5.jpg\" alt=\"\" class=\"wp-image-4959\" srcset=\"https:\/\/procomp.ba\/blog\/wp-content\/uploads\/2020\/01\/rezervisite-termin-5.jpg 700w, https:\/\/procomp.ba\/blog\/wp-content\/uploads\/2020\/01\/rezervisite-termin-5-300x86.jpg 300w, https:\/\/procomp.ba\/blog\/wp-content\/uploads\/2020\/01\/rezervisite-termin-5-696x200.jpg 696w\" sizes=\"auto, (max-width: 700px) 100vw, 700px\" \/><\/figure><\/div>\n","protected":false},"excerpt":{"rendered":"<p>Osigurajte svoje podatke na vrijeme Prebacivanje podataka sa Androida na iPhone ili Windows telefon&nbsp;i obrnuto. Ponekad se va\u0161 telefon ne mo\u017ee popraviti, a \u017eelite zadr\u017eati podatke koje ste imali onda je vrijeme da uradite backup. Backup je spa\u0161avanje podataka sa mobilnog telefona. Ponekad je potreban ako \u017eelite zamijeniti svoj telefon, i \u017eelite da prebacite podatke [&hellip;]<\/p>\n","protected":false},"author":1,"featured_media":4881,"parent":0,"menu_order":0,"comment_status":"closed","ping_status":"closed","template":"","meta":{"footnotes":""},"class_list":["post-4876","page","type-page","status-publish","has-post-thumbnail","hentry"],"yoast_head":"<!-- This site is optimized with the Yoast SEO plugin v27.4 - https:\/\/yoast.com\/product\/yoast-seo-wordpress\/ -->\n<title>Backup (spa\u0161avanje podataka) na va\u0161em telefonu - ProComp Blog<\/title>\n<meta name=\"description\" content=\"Ponekad se va\u0161 telefon ne mo\u017ee popraviti, a \u017eelite zadr\u017eati podatke, onda je vrijeme da uradite backup.Backup je spa\u0161avanje podataka sa telefona.\" \/>\n<meta name=\"robots\" content=\"index, follow, max-snippet:-1, max-image-preview:large, max-video-preview:-1\" \/>\n<link rel=\"canonical\" href=\"https:\/\/procomp.ba\/blog\/backup-spasavanje-podataka-na-vasem-telefonu\/\" \/>\n<meta property=\"og:locale\" content=\"bs_BA\" \/>\n<meta property=\"og:type\" content=\"article\" \/>\n<meta property=\"og:title\" content=\"Backup (spa\u0161avanje podataka) na va\u0161em telefonu - ProComp Blog\" \/>\n<meta property=\"og:description\" content=\"Ponekad se va\u0161 telefon ne mo\u017ee popraviti, a \u017eelite zadr\u017eati podatke, onda je vrijeme da uradite backup.Backup je spa\u0161avanje podataka sa telefona.\" \/>\n<meta property=\"og:url\" content=\"https:\/\/procomp.ba\/blog\/backup-spasavanje-podataka-na-vasem-telefonu\/\" \/>\n<meta property=\"og:site_name\" content=\"ProComp Blog\" \/>\n<meta property=\"article:publisher\" content=\"https:\/\/www.facebook.com\/procomp.ba\/\" \/>\n<meta property=\"article:modified_time\" content=\"2020-01-21T21:34:11+00:00\" \/>\n<meta property=\"og:image\" content=\"https:\/\/procomp.ba\/blog\/wp-content\/uploads\/2020\/01\/kako-prebaciti-podakte-ne-novi-mobitel-1.jpg\" \/>\n\t<meta property=\"og:image:width\" content=\"906\" \/>\n\t<meta property=\"og:image:height\" content=\"480\" \/>\n\t<meta property=\"og:image:type\" content=\"image\/jpeg\" \/>\n<meta name=\"twitter:card\" content=\"summary_large_image\" \/>\n<meta name=\"twitter:label1\" content=\"Est. reading time\" \/>\n\t<meta name=\"twitter:data1\" content=\"2 minute\" \/>\n<script type=\"application\/ld+json\" class=\"yoast-schema-graph\">{\"@context\":\"https:\\\/\\\/schema.org\",\"@graph\":[{\"@type\":\"WebPage\",\"@id\":\"https:\\\/\\\/procomp.ba\\\/blog\\\/backup-spasavanje-podataka-na-vasem-telefonu\\\/\",\"url\":\"https:\\\/\\\/procomp.ba\\\/blog\\\/backup-spasavanje-podataka-na-vasem-telefonu\\\/\",\"name\":\"Backup (spa\u0161avanje podataka) na va\u0161em telefonu - ProComp Blog\",\"isPartOf\":{\"@id\":\"https:\\\/\\\/procomp.ba\\\/blog\\\/#website\"},\"primaryImageOfPage\":{\"@id\":\"https:\\\/\\\/procomp.ba\\\/blog\\\/backup-spasavanje-podataka-na-vasem-telefonu\\\/#primaryimage\"},\"image\":{\"@id\":\"https:\\\/\\\/procomp.ba\\\/blog\\\/backup-spasavanje-podataka-na-vasem-telefonu\\\/#primaryimage\"},\"thumbnailUrl\":\"https:\\\/\\\/procomp.ba\\\/blog\\\/wp-content\\\/uploads\\\/2020\\\/01\\\/kako-prebaciti-podakte-ne-novi-mobitel-1.jpg\",\"datePublished\":\"2020-01-17T12:57:09+00:00\",\"dateModified\":\"2020-01-21T21:34:11+00:00\",\"description\":\"Ponekad se va\u0161 telefon ne mo\u017ee popraviti, a \u017eelite zadr\u017eati podatke, onda je vrijeme da uradite backup.Backup je spa\u0161avanje podataka sa telefona.\",\"breadcrumb\":{\"@id\":\"https:\\\/\\\/procomp.ba\\\/blog\\\/backup-spasavanje-podataka-na-vasem-telefonu\\\/#breadcrumb\"},\"inLanguage\":\"bs-BA\",\"potentialAction\":[{\"@type\":\"ReadAction\",\"target\":[\"https:\\\/\\\/procomp.ba\\\/blog\\\/backup-spasavanje-podataka-na-vasem-telefonu\\\/\"]}]},{\"@type\":\"ImageObject\",\"inLanguage\":\"bs-BA\",\"@id\":\"https:\\\/\\\/procomp.ba\\\/blog\\\/backup-spasavanje-podataka-na-vasem-telefonu\\\/#primaryimage\",\"url\":\"https:\\\/\\\/procomp.ba\\\/blog\\\/wp-content\\\/uploads\\\/2020\\\/01\\\/kako-prebaciti-podakte-ne-novi-mobitel-1.jpg\",\"contentUrl\":\"https:\\\/\\\/procomp.ba\\\/blog\\\/wp-content\\\/uploads\\\/2020\\\/01\\\/kako-prebaciti-podakte-ne-novi-mobitel-1.jpg\",\"width\":906,\"height\":480},{\"@type\":\"BreadcrumbList\",\"@id\":\"https:\\\/\\\/procomp.ba\\\/blog\\\/backup-spasavanje-podataka-na-vasem-telefonu\\\/#breadcrumb\",\"itemListElement\":[{\"@type\":\"ListItem\",\"position\":1,\"name\":\"Home\",\"item\":\"https:\\\/\\\/procomp.ba\\\/blog\\\/\"},{\"@type\":\"ListItem\",\"position\":2,\"name\":\"Backup (spa\u0161avanje podataka) na va\u0161em telefonu\"}]},{\"@type\":\"WebSite\",\"@id\":\"https:\\\/\\\/procomp.ba\\\/blog\\\/#website\",\"url\":\"https:\\\/\\\/procomp.ba\\\/blog\\\/\",\"name\":\"ProComp d.o.o. - va\u0161 centar za tehniku\",\"description\":\"ProComp Blog\",\"publisher\":{\"@id\":\"https:\\\/\\\/procomp.ba\\\/blog\\\/#organization\"},\"potentialAction\":[{\"@type\":\"SearchAction\",\"target\":{\"@type\":\"EntryPoint\",\"urlTemplate\":\"https:\\\/\\\/procomp.ba\\\/blog\\\/?s={search_term_string}\"},\"query-input\":{\"@type\":\"PropertyValueSpecification\",\"valueRequired\":true,\"valueName\":\"search_term_string\"}}],\"inLanguage\":\"bs-BA\"},{\"@type\":\"Organization\",\"@id\":\"https:\\\/\\\/procomp.ba\\\/blog\\\/#organization\",\"name\":\"ProComp\",\"url\":\"https:\\\/\\\/procomp.ba\\\/blog\\\/\",\"logo\":{\"@type\":\"ImageObject\",\"inLanguage\":\"bs-BA\",\"@id\":\"https:\\\/\\\/procomp.ba\\\/blog\\\/#\\\/schema\\\/logo\\\/image\\\/\",\"url\":\"https:\\\/\\\/procomp.ba\\\/blog\\\/wp-content\\\/uploads\\\/2018\\\/08\\\/logo-blog-transparent.png\",\"contentUrl\":\"https:\\\/\\\/procomp.ba\\\/blog\\\/wp-content\\\/uploads\\\/2018\\\/08\\\/logo-blog-transparent.png\",\"width\":544,\"height\":180,\"caption\":\"ProComp\"},\"image\":{\"@id\":\"https:\\\/\\\/procomp.ba\\\/blog\\\/#\\\/schema\\\/logo\\\/image\\\/\"},\"sameAs\":[\"https:\\\/\\\/www.facebook.com\\\/procomp.ba\\\/\"]}]}<\/script>\n<!-- \/ Yoast SEO plugin. -->","yoast_head_json":{"title":"Backup (spa\u0161avanje podataka) na va\u0161em telefonu - ProComp Blog","description":"Ponekad se va\u0161 telefon ne mo\u017ee popraviti, a \u017eelite zadr\u017eati podatke, onda je vrijeme da uradite backup.Backup je spa\u0161avanje podataka sa telefona.","robots":{"index":"index","follow":"follow","max-snippet":"max-snippet:-1","max-image-preview":"max-image-preview:large","max-video-preview":"max-video-preview:-1"},"canonical":"https:\/\/procomp.ba\/blog\/backup-spasavanje-podataka-na-vasem-telefonu\/","og_locale":"bs_BA","og_type":"article","og_title":"Backup (spa\u0161avanje podataka) na va\u0161em telefonu - ProComp Blog","og_description":"Ponekad se va\u0161 telefon ne mo\u017ee popraviti, a \u017eelite zadr\u017eati podatke, onda je vrijeme da uradite backup.Backup je spa\u0161avanje podataka sa telefona.","og_url":"https:\/\/procomp.ba\/blog\/backup-spasavanje-podataka-na-vasem-telefonu\/","og_site_name":"ProComp Blog","article_publisher":"https:\/\/www.facebook.com\/procomp.ba\/","article_modified_time":"2020-01-21T21:34:11+00:00","og_image":[{"width":906,"height":480,"url":"https:\/\/procomp.ba\/blog\/wp-content\/uploads\/2020\/01\/kako-prebaciti-podakte-ne-novi-mobitel-1.jpg","type":"image\/jpeg"}],"twitter_card":"summary_large_image","twitter_misc":{"Est. reading time":"2 minute"},"schema":{"@context":"https:\/\/schema.org","@graph":[{"@type":"WebPage","@id":"https:\/\/procomp.ba\/blog\/backup-spasavanje-podataka-na-vasem-telefonu\/","url":"https:\/\/procomp.ba\/blog\/backup-spasavanje-podataka-na-vasem-telefonu\/","name":"Backup (spa\u0161avanje podataka) na va\u0161em telefonu - ProComp Blog","isPartOf":{"@id":"https:\/\/procomp.ba\/blog\/#website"},"primaryImageOfPage":{"@id":"https:\/\/procomp.ba\/blog\/backup-spasavanje-podataka-na-vasem-telefonu\/#primaryimage"},"image":{"@id":"https:\/\/procomp.ba\/blog\/backup-spasavanje-podataka-na-vasem-telefonu\/#primaryimage"},"thumbnailUrl":"https:\/\/procomp.ba\/blog\/wp-content\/uploads\/2020\/01\/kako-prebaciti-podakte-ne-novi-mobitel-1.jpg","datePublished":"2020-01-17T12:57:09+00:00","dateModified":"2020-01-21T21:34:11+00:00","description":"Ponekad se va\u0161 telefon ne mo\u017ee popraviti, a \u017eelite zadr\u017eati podatke, onda je vrijeme da uradite backup.Backup je spa\u0161avanje podataka sa telefona.","breadcrumb":{"@id":"https:\/\/procomp.ba\/blog\/backup-spasavanje-podataka-na-vasem-telefonu\/#breadcrumb"},"inLanguage":"bs-BA","potentialAction":[{"@type":"ReadAction","target":["https:\/\/procomp.ba\/blog\/backup-spasavanje-podataka-na-vasem-telefonu\/"]}]},{"@type":"ImageObject","inLanguage":"bs-BA","@id":"https:\/\/procomp.ba\/blog\/backup-spasavanje-podataka-na-vasem-telefonu\/#primaryimage","url":"https:\/\/procomp.ba\/blog\/wp-content\/uploads\/2020\/01\/kako-prebaciti-podakte-ne-novi-mobitel-1.jpg","contentUrl":"https:\/\/procomp.ba\/blog\/wp-content\/uploads\/2020\/01\/kako-prebaciti-podakte-ne-novi-mobitel-1.jpg","width":906,"height":480},{"@type":"BreadcrumbList","@id":"https:\/\/procomp.ba\/blog\/backup-spasavanje-podataka-na-vasem-telefonu\/#breadcrumb","itemListElement":[{"@type":"ListItem","position":1,"name":"Home","item":"https:\/\/procomp.ba\/blog\/"},{"@type":"ListItem","position":2,"name":"Backup (spa\u0161avanje podataka) na va\u0161em telefonu"}]},{"@type":"WebSite","@id":"https:\/\/procomp.ba\/blog\/#website","url":"https:\/\/procomp.ba\/blog\/","name":"ProComp d.o.o. - va\u0161 centar za tehniku","description":"ProComp Blog","publisher":{"@id":"https:\/\/procomp.ba\/blog\/#organization"},"potentialAction":[{"@type":"SearchAction","target":{"@type":"EntryPoint","urlTemplate":"https:\/\/procomp.ba\/blog\/?s={search_term_string}"},"query-input":{"@type":"PropertyValueSpecification","valueRequired":true,"valueName":"search_term_string"}}],"inLanguage":"bs-BA"},{"@type":"Organization","@id":"https:\/\/procomp.ba\/blog\/#organization","name":"ProComp","url":"https:\/\/procomp.ba\/blog\/","logo":{"@type":"ImageObject","inLanguage":"bs-BA","@id":"https:\/\/procomp.ba\/blog\/#\/schema\/logo\/image\/","url":"https:\/\/procomp.ba\/blog\/wp-content\/uploads\/2018\/08\/logo-blog-transparent.png","contentUrl":"https:\/\/procomp.ba\/blog\/wp-content\/uploads\/2018\/08\/logo-blog-transparent.png","width":544,"height":180,"caption":"ProComp"},"image":{"@id":"https:\/\/procomp.ba\/blog\/#\/schema\/logo\/image\/"},"sameAs":["https:\/\/www.facebook.com\/procomp.ba\/"]}]}},"_links":{"self":[{"href":"https:\/\/procomp.ba\/blog\/wp-json\/wp\/v2\/pages\/4876","targetHints":{"allow":["GET"]}}],"collection":[{"href":"https:\/\/procomp.ba\/blog\/wp-json\/wp\/v2\/pages"}],"about":[{"href":"https:\/\/procomp.ba\/blog\/wp-json\/wp\/v2\/types\/page"}],"author":[{"embeddable":true,"href":"https:\/\/procomp.ba\/blog\/wp-json\/wp\/v2\/users\/1"}],"replies":[{"embeddable":true,"href":"https:\/\/procomp.ba\/blog\/wp-json\/wp\/v2\/comments?post=4876"}],"version-history":[{"count":6,"href":"https:\/\/procomp.ba\/blog\/wp-json\/wp\/v2\/pages\/4876\/revisions"}],"predecessor-version":[{"id":4995,"href":"https:\/\/procomp.ba\/blog\/wp-json\/wp\/v2\/pages\/4876\/revisions\/4995"}],"wp:featuredmedia":[{"embeddable":true,"href":"https:\/\/procomp.ba\/blog\/wp-json\/wp\/v2\/media\/4881"}],"wp:attachment":[{"href":"https:\/\/procomp.ba\/blog\/wp-json\/wp\/v2\/media?parent=4876"}],"curies":[{"name":"wp","href":"https:\/\/api.w.org\/{rel}","templated":true}]}}