{"id":4883,"date":"2020-01-17T15:17:51","date_gmt":"2020-01-17T14:17:51","guid":{"rendered":"https:\/\/procomp.ba\/blog\/?page_id=4883"},"modified":"2020-01-21T22:32:47","modified_gmt":"2020-01-21T21:32:47","slug":"mijenjanje-konektora-za-punjenje-u-nasem-servisu","status":"publish","type":"page","link":"https:\/\/procomp.ba\/blog\/mijenjanje-konektora-za-punjenje-u-nasem-servisu\/","title":{"rendered":"Mijenjanje konektora za punjenje u na\u0161em servisu"},"content":{"rendered":"\n<figure class=\"wp-block-image size-large\"><img loading=\"lazy\" decoding=\"async\" width=\"1024\" height=\"683\" src=\"https:\/\/procomp.ba\/blog\/wp-content\/uploads\/2020\/01\/Mijenjanje-konektora-za-punjenje-u-nas\u030cem-servisu-2-1024x683.jpg\" alt=\"\" class=\"wp-image-4947\" srcset=\"https:\/\/procomp.ba\/blog\/wp-content\/uploads\/2020\/01\/Mijenjanje-konektora-za-punjenje-u-nas\u030cem-servisu-2-1024x683.jpg 1024w, https:\/\/procomp.ba\/blog\/wp-content\/uploads\/2020\/01\/Mijenjanje-konektora-za-punjenje-u-nas\u030cem-servisu-2-300x200.jpg 300w, https:\/\/procomp.ba\/blog\/wp-content\/uploads\/2020\/01\/Mijenjanje-konektora-za-punjenje-u-nas\u030cem-servisu-2-768x512.jpg 768w, https:\/\/procomp.ba\/blog\/wp-content\/uploads\/2020\/01\/Mijenjanje-konektora-za-punjenje-u-nas\u030cem-servisu-2-696x464.jpg 696w, https:\/\/procomp.ba\/blog\/wp-content\/uploads\/2020\/01\/Mijenjanje-konektora-za-punjenje-u-nas\u030cem-servisu-2-1068x712.jpg 1068w, https:\/\/procomp.ba\/blog\/wp-content\/uploads\/2020\/01\/Mijenjanje-konektora-za-punjenje-u-nas\u030cem-servisu-2-630x420.jpg 630w, https:\/\/procomp.ba\/blog\/wp-content\/uploads\/2020\/01\/Mijenjanje-konektora-za-punjenje-u-nas\u030cem-servisu-2.jpg 1200w\" sizes=\"auto, (max-width: 1024px) 100vw, 1024px\" \/><\/figure>\n\n\n\n<p>Kako znati da vam je potreban konektor za punjenje? Ukoliko se va\u0161a baterija ne mo\u017ee napuniti do kraja ili punjenje baterije traje neopisivo dugo, vrlo je mogu\u0107e da vam treba novi konektor za punjenje. Mo\u017ee se desiti da vam se i pojavi poruka da punjenje nije mogu\u0107e. Me\u0111utim, nema mjesta razlogu za brigu. <strong>ProComp servis<\/strong> vam<strong> <\/strong>nudi mijenjanje konektora za punjenje i to jako pristupa\u010dnoj cijeni. Brzo i efikasno rje\u0161avamo va\u0161 problem. <\/p>\n\n\n\n<h3 class=\"wp-block-heading\">Zbog \u010dega se radi mijenjanje konektora na telefonu?<\/h3>\n\n\n\n<p>Svaki konektor mo\u017ee biti podlo\u017ean kvarenju. Bilo da je to neki od brendiranih telefona poput  <strong>Xiaomi, Huawei, Ulefone, Prestigio, Iphone, Samsung, Lenovo, Nokia, Vivax, Oukitel<\/strong>, svaki se mo\u017ee popraviti i zamijeniti. <\/p>\n\n\n\n<div class=\"wp-block-image\"><figure class=\"aligncenter size-large\"><img loading=\"lazy\" decoding=\"async\" width=\"1024\" height=\"576\" src=\"https:\/\/procomp.ba\/blog\/wp-content\/uploads\/2020\/01\/konektor-punjenja-1024x576.jpg\" alt=\"\" class=\"wp-image-4894\" srcset=\"https:\/\/procomp.ba\/blog\/wp-content\/uploads\/2020\/01\/konektor-punjenja-1024x576.jpg 1024w, https:\/\/procomp.ba\/blog\/wp-content\/uploads\/2020\/01\/konektor-punjenja-300x169.jpg 300w, https:\/\/procomp.ba\/blog\/wp-content\/uploads\/2020\/01\/konektor-punjenja-768x432.jpg 768w, https:\/\/procomp.ba\/blog\/wp-content\/uploads\/2020\/01\/konektor-punjenja-696x392.jpg 696w, https:\/\/procomp.ba\/blog\/wp-content\/uploads\/2020\/01\/konektor-punjenja-1068x601.jpg 1068w, https:\/\/procomp.ba\/blog\/wp-content\/uploads\/2020\/01\/konektor-punjenja-747x420.jpg 747w, https:\/\/procomp.ba\/blog\/wp-content\/uploads\/2020\/01\/konektor-punjenja.jpg 1280w\" sizes=\"auto, (max-width: 1024px) 100vw, 1024px\" \/><figcaption>Mijenjanje konektora je usluga koju nudi ProComp servis.<\/figcaption><\/figure><\/div>\n\n\n\n<p>Glavni uzroci su kva\u0161enje telefona, kori\u0161\u0107enje neodgovaraju\u0107eg punja\u010da, njegova pogre\u0161na upotreba ili lo\u0161 napon struje.  Svakom mobitelu se mo\u017ee desiti da mu se pokvari konektor, te da mu je potrebna zamjena. Postoji nekoliko razloga koji mogu dovesti do kvara konektora. Telefon kada se pokvasi, ili koristimo neodgovaraju\u0107e punja\u010de konektor je ugro\u017een. Lo\u0161 napon struje tako\u0111er mo\u017ee uni\u0161titi konektor za punjenje. <\/p>\n\n\n\n<p>Kako sa sigurno\u0161\u0107u znati da nam je potrebno mijenjanje konektora za punjenje na na\u0161em mobilnom telefonu? Ako u svoj telefon ubacite novu napunjenu bateriju, ali kada ga stavite na punjenje, samo punjenje ne radi. <\/p>\n\n\n\n<p>Da ne bi do\u0161lo do zabune, ponekad kvar mo\u017ee biti ozbiljniji. Kvar koji se pojavi na samoj mati\u010dnoj plo\u010di jeste ozbiljniji, ali nije nerje\u0161iv.<\/p>\n\n\n\n<h3 class=\"wp-block-heading\">Samo originalni dijelovi prilikom mijenjanja konektora<\/h3>\n\n\n\n<p>Kada popravljamo va\u0161 telefon u na\u0161em <strong>ProComp<\/strong> servisu mijenjanjem konektora, koristimo samo originalne dijelove. Pored originalnog konekora, koristimo i alat namijenjen za ovakvu vrstu poslova.<\/p>\n\n\n\n<p>Na ovaj na\u010din, mi: <\/p>\n\n\n\n<ul class=\"wp-block-list\"><li>osiguravamo nesmetano punjenje ure\u0111aja<\/li><li>koristimo samo kompatibilne, originalne dijelove bitne za dug vijek trajanja ure\u0111aja<\/li><li>smanjujemo rizik od kvara i o\u0161te\u0107enja radi neodgovaraju\u0107e opreme i neoriginalnih dijelova<\/li><\/ul>\n\n\n\n<p>Cijena mijenjanja konektora je pristupa\u010dna i prilago\u0111ena na\u0161im uslovima.<\/p>\n\n\n\n<div class=\"wp-block-image\"><figure class=\"aligncenter size-large\"><img loading=\"lazy\" decoding=\"async\" width=\"700\" height=\"200\" src=\"https:\/\/procomp.ba\/blog\/wp-content\/uploads\/2020\/01\/rezervisite-termin-6.jpg\" alt=\"\" class=\"wp-image-4961\" srcset=\"https:\/\/procomp.ba\/blog\/wp-content\/uploads\/2020\/01\/rezervisite-termin-6.jpg 700w, https:\/\/procomp.ba\/blog\/wp-content\/uploads\/2020\/01\/rezervisite-termin-6-300x86.jpg 300w, https:\/\/procomp.ba\/blog\/wp-content\/uploads\/2020\/01\/rezervisite-termin-6-696x200.jpg 696w\" sizes=\"auto, (max-width: 700px) 100vw, 700px\" \/><\/figure><\/div>\n","protected":false},"excerpt":{"rendered":"<p>Kako znati da vam je potreban konektor za punjenje? Ukoliko se va\u0161a baterija ne mo\u017ee napuniti do kraja ili punjenje baterije traje neopisivo dugo, vrlo je mogu\u0107e da vam treba novi konektor za punjenje. Mo\u017ee se desiti da vam se i pojavi poruka da punjenje nije mogu\u0107e. Me\u0111utim, nema mjesta razlogu za brigu. ProComp servis [&hellip;]<\/p>\n","protected":false},"author":1,"featured_media":4894,"parent":0,"menu_order":0,"comment_status":"closed","ping_status":"closed","template":"","meta":{"footnotes":""},"class_list":["post-4883","page","type-page","status-publish","has-post-thumbnail","hentry"],"yoast_head":"<!-- This site is optimized with the Yoast SEO plugin v27.4 - https:\/\/yoast.com\/product\/yoast-seo-wordpress\/ -->\n<title>Mijenjanje konektora za punjenje u na\u0161em servisu - ProComp Blog<\/title>\n<meta name=\"description\" content=\"Ako se va\u0161a baterija ne mo\u017ee napuniti do kraja ili punjenje baterije traje neopisivo dugo, vrlo je mogu\u0107e da vamje potrebno mijenjanje konektora telefona.\" \/>\n<meta name=\"robots\" content=\"index, follow, max-snippet:-1, max-image-preview:large, max-video-preview:-1\" \/>\n<link rel=\"canonical\" href=\"https:\/\/procomp.ba\/blog\/mijenjanje-konektora-za-punjenje-u-nasem-servisu\/\" \/>\n<meta property=\"og:locale\" content=\"bs_BA\" \/>\n<meta property=\"og:type\" content=\"article\" \/>\n<meta property=\"og:title\" content=\"Mijenjanje konektora za punjenje u na\u0161em servisu - ProComp Blog\" \/>\n<meta property=\"og:description\" content=\"Ako se va\u0161a baterija ne mo\u017ee napuniti do kraja ili punjenje baterije traje neopisivo dugo, vrlo je mogu\u0107e da vamje potrebno mijenjanje konektora telefona.\" \/>\n<meta property=\"og:url\" content=\"https:\/\/procomp.ba\/blog\/mijenjanje-konektora-za-punjenje-u-nasem-servisu\/\" \/>\n<meta property=\"og:site_name\" content=\"ProComp Blog\" \/>\n<meta property=\"article:publisher\" content=\"https:\/\/www.facebook.com\/procomp.ba\/\" \/>\n<meta property=\"article:modified_time\" content=\"2020-01-21T21:32:47+00:00\" \/>\n<meta property=\"og:image\" content=\"https:\/\/procomp.ba\/blog\/wp-content\/uploads\/2020\/01\/konektor-punjenja.jpg\" \/>\n\t<meta property=\"og:image:width\" content=\"1280\" \/>\n\t<meta property=\"og:image:height\" content=\"720\" \/>\n\t<meta property=\"og:image:type\" content=\"image\/jpeg\" \/>\n<meta name=\"twitter:card\" content=\"summary_large_image\" \/>\n<meta name=\"twitter:label1\" content=\"Est. reading time\" \/>\n\t<meta name=\"twitter:data1\" content=\"2 minute\" \/>\n<script type=\"application\/ld+json\" class=\"yoast-schema-graph\">{\"@context\":\"https:\\\/\\\/schema.org\",\"@graph\":[{\"@type\":\"WebPage\",\"@id\":\"https:\\\/\\\/procomp.ba\\\/blog\\\/mijenjanje-konektora-za-punjenje-u-nasem-servisu\\\/\",\"url\":\"https:\\\/\\\/procomp.ba\\\/blog\\\/mijenjanje-konektora-za-punjenje-u-nasem-servisu\\\/\",\"name\":\"Mijenjanje konektora za punjenje u na\u0161em servisu - ProComp Blog\",\"isPartOf\":{\"@id\":\"https:\\\/\\\/procomp.ba\\\/blog\\\/#website\"},\"primaryImageOfPage\":{\"@id\":\"https:\\\/\\\/procomp.ba\\\/blog\\\/mijenjanje-konektora-za-punjenje-u-nasem-servisu\\\/#primaryimage\"},\"image\":{\"@id\":\"https:\\\/\\\/procomp.ba\\\/blog\\\/mijenjanje-konektora-za-punjenje-u-nasem-servisu\\\/#primaryimage\"},\"thumbnailUrl\":\"https:\\\/\\\/procomp.ba\\\/blog\\\/wp-content\\\/uploads\\\/2020\\\/01\\\/konektor-punjenja.jpg\",\"datePublished\":\"2020-01-17T14:17:51+00:00\",\"dateModified\":\"2020-01-21T21:32:47+00:00\",\"description\":\"Ako se va\u0161a baterija ne mo\u017ee napuniti do kraja ili punjenje baterije traje neopisivo dugo, vrlo je mogu\u0107e da vamje potrebno mijenjanje konektora telefona.\",\"breadcrumb\":{\"@id\":\"https:\\\/\\\/procomp.ba\\\/blog\\\/mijenjanje-konektora-za-punjenje-u-nasem-servisu\\\/#breadcrumb\"},\"inLanguage\":\"bs-BA\",\"potentialAction\":[{\"@type\":\"ReadAction\",\"target\":[\"https:\\\/\\\/procomp.ba\\\/blog\\\/mijenjanje-konektora-za-punjenje-u-nasem-servisu\\\/\"]}]},{\"@type\":\"ImageObject\",\"inLanguage\":\"bs-BA\",\"@id\":\"https:\\\/\\\/procomp.ba\\\/blog\\\/mijenjanje-konektora-za-punjenje-u-nasem-servisu\\\/#primaryimage\",\"url\":\"https:\\\/\\\/procomp.ba\\\/blog\\\/wp-content\\\/uploads\\\/2020\\\/01\\\/konektor-punjenja.jpg\",\"contentUrl\":\"https:\\\/\\\/procomp.ba\\\/blog\\\/wp-content\\\/uploads\\\/2020\\\/01\\\/konektor-punjenja.jpg\",\"width\":1280,\"height\":720},{\"@type\":\"BreadcrumbList\",\"@id\":\"https:\\\/\\\/procomp.ba\\\/blog\\\/mijenjanje-konektora-za-punjenje-u-nasem-servisu\\\/#breadcrumb\",\"itemListElement\":[{\"@type\":\"ListItem\",\"position\":1,\"name\":\"Home\",\"item\":\"https:\\\/\\\/procomp.ba\\\/blog\\\/\"},{\"@type\":\"ListItem\",\"position\":2,\"name\":\"Mijenjanje konektora za punjenje u na\u0161em servisu\"}]},{\"@type\":\"WebSite\",\"@id\":\"https:\\\/\\\/procomp.ba\\\/blog\\\/#website\",\"url\":\"https:\\\/\\\/procomp.ba\\\/blog\\\/\",\"name\":\"ProComp d.o.o. - va\u0161 centar za tehniku\",\"description\":\"ProComp Blog\",\"publisher\":{\"@id\":\"https:\\\/\\\/procomp.ba\\\/blog\\\/#organization\"},\"potentialAction\":[{\"@type\":\"SearchAction\",\"target\":{\"@type\":\"EntryPoint\",\"urlTemplate\":\"https:\\\/\\\/procomp.ba\\\/blog\\\/?s={search_term_string}\"},\"query-input\":{\"@type\":\"PropertyValueSpecification\",\"valueRequired\":true,\"valueName\":\"search_term_string\"}}],\"inLanguage\":\"bs-BA\"},{\"@type\":\"Organization\",\"@id\":\"https:\\\/\\\/procomp.ba\\\/blog\\\/#organization\",\"name\":\"ProComp\",\"url\":\"https:\\\/\\\/procomp.ba\\\/blog\\\/\",\"logo\":{\"@type\":\"ImageObject\",\"inLanguage\":\"bs-BA\",\"@id\":\"https:\\\/\\\/procomp.ba\\\/blog\\\/#\\\/schema\\\/logo\\\/image\\\/\",\"url\":\"https:\\\/\\\/procomp.ba\\\/blog\\\/wp-content\\\/uploads\\\/2018\\\/08\\\/logo-blog-transparent.png\",\"contentUrl\":\"https:\\\/\\\/procomp.ba\\\/blog\\\/wp-content\\\/uploads\\\/2018\\\/08\\\/logo-blog-transparent.png\",\"width\":544,\"height\":180,\"caption\":\"ProComp\"},\"image\":{\"@id\":\"https:\\\/\\\/procomp.ba\\\/blog\\\/#\\\/schema\\\/logo\\\/image\\\/\"},\"sameAs\":[\"https:\\\/\\\/www.facebook.com\\\/procomp.ba\\\/\"]}]}<\/script>\n<!-- \/ Yoast SEO plugin. -->","yoast_head_json":{"title":"Mijenjanje konektora za punjenje u na\u0161em servisu - ProComp Blog","description":"Ako se va\u0161a baterija ne mo\u017ee napuniti do kraja ili punjenje baterije traje neopisivo dugo, vrlo je mogu\u0107e da vamje potrebno mijenjanje konektora telefona.","robots":{"index":"index","follow":"follow","max-snippet":"max-snippet:-1","max-image-preview":"max-image-preview:large","max-video-preview":"max-video-preview:-1"},"canonical":"https:\/\/procomp.ba\/blog\/mijenjanje-konektora-za-punjenje-u-nasem-servisu\/","og_locale":"bs_BA","og_type":"article","og_title":"Mijenjanje konektora za punjenje u na\u0161em servisu - ProComp Blog","og_description":"Ako se va\u0161a baterija ne mo\u017ee napuniti do kraja ili punjenje baterije traje neopisivo dugo, vrlo je mogu\u0107e da vamje potrebno mijenjanje konektora telefona.","og_url":"https:\/\/procomp.ba\/blog\/mijenjanje-konektora-za-punjenje-u-nasem-servisu\/","og_site_name":"ProComp Blog","article_publisher":"https:\/\/www.facebook.com\/procomp.ba\/","article_modified_time":"2020-01-21T21:32:47+00:00","og_image":[{"width":1280,"height":720,"url":"https:\/\/procomp.ba\/blog\/wp-content\/uploads\/2020\/01\/konektor-punjenja.jpg","type":"image\/jpeg"}],"twitter_card":"summary_large_image","twitter_misc":{"Est. reading time":"2 minute"},"schema":{"@context":"https:\/\/schema.org","@graph":[{"@type":"WebPage","@id":"https:\/\/procomp.ba\/blog\/mijenjanje-konektora-za-punjenje-u-nasem-servisu\/","url":"https:\/\/procomp.ba\/blog\/mijenjanje-konektora-za-punjenje-u-nasem-servisu\/","name":"Mijenjanje konektora za punjenje u na\u0161em servisu - ProComp Blog","isPartOf":{"@id":"https:\/\/procomp.ba\/blog\/#website"},"primaryImageOfPage":{"@id":"https:\/\/procomp.ba\/blog\/mijenjanje-konektora-za-punjenje-u-nasem-servisu\/#primaryimage"},"image":{"@id":"https:\/\/procomp.ba\/blog\/mijenjanje-konektora-za-punjenje-u-nasem-servisu\/#primaryimage"},"thumbnailUrl":"https:\/\/procomp.ba\/blog\/wp-content\/uploads\/2020\/01\/konektor-punjenja.jpg","datePublished":"2020-01-17T14:17:51+00:00","dateModified":"2020-01-21T21:32:47+00:00","description":"Ako se va\u0161a baterija ne mo\u017ee napuniti do kraja ili punjenje baterije traje neopisivo dugo, vrlo je mogu\u0107e da vamje potrebno mijenjanje konektora telefona.","breadcrumb":{"@id":"https:\/\/procomp.ba\/blog\/mijenjanje-konektora-za-punjenje-u-nasem-servisu\/#breadcrumb"},"inLanguage":"bs-BA","potentialAction":[{"@type":"ReadAction","target":["https:\/\/procomp.ba\/blog\/mijenjanje-konektora-za-punjenje-u-nasem-servisu\/"]}]},{"@type":"ImageObject","inLanguage":"bs-BA","@id":"https:\/\/procomp.ba\/blog\/mijenjanje-konektora-za-punjenje-u-nasem-servisu\/#primaryimage","url":"https:\/\/procomp.ba\/blog\/wp-content\/uploads\/2020\/01\/konektor-punjenja.jpg","contentUrl":"https:\/\/procomp.ba\/blog\/wp-content\/uploads\/2020\/01\/konektor-punjenja.jpg","width":1280,"height":720},{"@type":"BreadcrumbList","@id":"https:\/\/procomp.ba\/blog\/mijenjanje-konektora-za-punjenje-u-nasem-servisu\/#breadcrumb","itemListElement":[{"@type":"ListItem","position":1,"name":"Home","item":"https:\/\/procomp.ba\/blog\/"},{"@type":"ListItem","position":2,"name":"Mijenjanje konektora za punjenje u na\u0161em servisu"}]},{"@type":"WebSite","@id":"https:\/\/procomp.ba\/blog\/#website","url":"https:\/\/procomp.ba\/blog\/","name":"ProComp d.o.o. - va\u0161 centar za tehniku","description":"ProComp Blog","publisher":{"@id":"https:\/\/procomp.ba\/blog\/#organization"},"potentialAction":[{"@type":"SearchAction","target":{"@type":"EntryPoint","urlTemplate":"https:\/\/procomp.ba\/blog\/?s={search_term_string}"},"query-input":{"@type":"PropertyValueSpecification","valueRequired":true,"valueName":"search_term_string"}}],"inLanguage":"bs-BA"},{"@type":"Organization","@id":"https:\/\/procomp.ba\/blog\/#organization","name":"ProComp","url":"https:\/\/procomp.ba\/blog\/","logo":{"@type":"ImageObject","inLanguage":"bs-BA","@id":"https:\/\/procomp.ba\/blog\/#\/schema\/logo\/image\/","url":"https:\/\/procomp.ba\/blog\/wp-content\/uploads\/2018\/08\/logo-blog-transparent.png","contentUrl":"https:\/\/procomp.ba\/blog\/wp-content\/uploads\/2018\/08\/logo-blog-transparent.png","width":544,"height":180,"caption":"ProComp"},"image":{"@id":"https:\/\/procomp.ba\/blog\/#\/schema\/logo\/image\/"},"sameAs":["https:\/\/www.facebook.com\/procomp.ba\/"]}]}},"_links":{"self":[{"href":"https:\/\/procomp.ba\/blog\/wp-json\/wp\/v2\/pages\/4883","targetHints":{"allow":["GET"]}}],"collection":[{"href":"https:\/\/procomp.ba\/blog\/wp-json\/wp\/v2\/pages"}],"about":[{"href":"https:\/\/procomp.ba\/blog\/wp-json\/wp\/v2\/types\/page"}],"author":[{"embeddable":true,"href":"https:\/\/procomp.ba\/blog\/wp-json\/wp\/v2\/users\/1"}],"replies":[{"embeddable":true,"href":"https:\/\/procomp.ba\/blog\/wp-json\/wp\/v2\/comments?post=4883"}],"version-history":[{"count":9,"href":"https:\/\/procomp.ba\/blog\/wp-json\/wp\/v2\/pages\/4883\/revisions"}],"predecessor-version":[{"id":4993,"href":"https:\/\/procomp.ba\/blog\/wp-json\/wp\/v2\/pages\/4883\/revisions\/4993"}],"wp:featuredmedia":[{"embeddable":true,"href":"https:\/\/procomp.ba\/blog\/wp-json\/wp\/v2\/media\/4894"}],"wp:attachment":[{"href":"https:\/\/procomp.ba\/blog\/wp-json\/wp\/v2\/media?parent=4883"}],"curies":[{"name":"wp","href":"https:\/\/api.w.org\/{rel}","templated":true}]}}