{"id":4900,"date":"2020-01-20T10:05:09","date_gmt":"2020-01-20T09:05:09","guid":{"rendered":"https:\/\/procomp.ba\/blog\/?page_id=4900"},"modified":"2020-01-21T22:30:30","modified_gmt":"2020-01-21T21:30:30","slug":"touch-screen-zamjena-u-nasem-servisu","status":"publish","type":"page","link":"https:\/\/procomp.ba\/blog\/touch-screen-zamjena-u-nasem-servisu\/","title":{"rendered":"Touch screen &#8211; zamjena u na\u0161em servisu"},"content":{"rendered":"\n<figure class=\"wp-block-image size-large\"><img loading=\"lazy\" decoding=\"async\" width=\"1024\" height=\"551\" src=\"https:\/\/procomp.ba\/blog\/wp-content\/uploads\/2020\/01\/112768020-mobile-phone-with-broken-touchscreen-on-gray-background--1024x551.jpg\" alt=\"\" class=\"wp-image-4914\" srcset=\"https:\/\/procomp.ba\/blog\/wp-content\/uploads\/2020\/01\/112768020-mobile-phone-with-broken-touchscreen-on-gray-background--1024x551.jpg 1024w, https:\/\/procomp.ba\/blog\/wp-content\/uploads\/2020\/01\/112768020-mobile-phone-with-broken-touchscreen-on-gray-background--300x162.jpg 300w, https:\/\/procomp.ba\/blog\/wp-content\/uploads\/2020\/01\/112768020-mobile-phone-with-broken-touchscreen-on-gray-background--768x414.jpg 768w, https:\/\/procomp.ba\/blog\/wp-content\/uploads\/2020\/01\/112768020-mobile-phone-with-broken-touchscreen-on-gray-background--696x375.jpg 696w, https:\/\/procomp.ba\/blog\/wp-content\/uploads\/2020\/01\/112768020-mobile-phone-with-broken-touchscreen-on-gray-background--1068x575.jpg 1068w, https:\/\/procomp.ba\/blog\/wp-content\/uploads\/2020\/01\/112768020-mobile-phone-with-broken-touchscreen-on-gray-background--780x420.jpg 780w, https:\/\/procomp.ba\/blog\/wp-content\/uploads\/2020\/01\/112768020-mobile-phone-with-broken-touchscreen-on-gray-background-.jpg 1300w\" sizes=\"auto, (max-width: 1024px) 100vw, 1024px\" \/><figcaption>Mobilni telefon sa razbijenim touch screenom. <\/figcaption><\/figure>\n\n\n\n<p>Bez touch screen-a, kori\u0161tenje telefona bi bilo nemogu\u0107e. Bez njega, telefon bi bio u potpunosti neiskoristiv. Iz tog razloga, zamjena touch screen-a jedan je od naj\u010de\u0161\u0107ih popravki potrebnih vlasnicima telefona. Ukoliko ste pokvarili touch screen (ta\u010d skrin), sigurno brinete za cijenu popravka. U na\u0161em <strong>ProComp<\/strong> servisu, to ne treba da vas brine. Mi nudimo zamjenu touch screen-a po najni\u017eoj cijeni. A povrh svega toga, va\u0161 ekran \u0107e biti zamijenjen originalnim ekranom osjetljivim na dodir. <\/p>\n\n\n\n<h3 class=\"wp-block-heading\">Kada je potrebno zamijeniti touch screen?<\/h3>\n\n\n\n<p>Kada je skoro pa sigurno potrebno zamijeniti touch screen:<\/p>\n\n\n\n<ul class=\"wp-block-list\"><li>Kada kompletan ekran ne reaguje na dodir, tj. kada je neresponzivan<\/li><li>Kada ekran ne reaguje, ali samo na pojedinim dijelovima<\/li><li>Kada ekran reaguje, ali reaguje pogre\u0161n. Kada pristisnemo recimo slovo S, a reaguje nam tipka za brisanje<\/li><\/ul>\n\n\n\n<p>U nekim situacijama \u0107ete morati zamijeniti touch screen. Ako vam je ekran uni\u0161ten ili o\u0161te\u0107en prilikom pada ili udarca, jedino rje\u0161enje je zamjena. U slu\u010daju da vam je mobitel pao u vodu, skoro pa sigurno va\u0161 touch screen \u0107e morati biti zamijenjen. <\/p>\n\n\n\n<p>Bilo da je va\u0161 telefon <strong>Xiaomi, Huawei, Ulefone, Prestigio, Iphone, Samsung, Lenovo, Nokia, Vivax, Oukitel<\/strong>, serviseri u ProCompu \u0107e zamijeniti va\u0161 ekran bez ikakvih problema. Brza promjena \u0107e vam donijeti osmijeh na lice.<\/p>\n\n\n\n<h3 class=\"wp-block-heading\">Zamjena se vr\u0161i samo originalnim dijelovima<\/h3>\n\n\n\n<p>Da bi se osigurao nesmetan rad telefona, potrebno je ekran zamijeniti samo originalnim dijelovima proizvo\u0111a\u010da. Neoriginalni ekran \u010dini va\u0161 ure\u0111aj podlo\u017enim kvarovima i dosta je osjetljiviji na vlagu i pra\u0161inu. Kopije trouch screen-ova ne prijanjaju  u potpunosti na va\u0161 telefon i ostavljaju prazan prostor.<\/p>\n\n\n\n<figure class=\"wp-block-image size-large\"><img loading=\"lazy\" decoding=\"async\" width=\"1024\" height=\"683\" src=\"https:\/\/procomp.ba\/blog\/wp-content\/uploads\/2020\/01\/TOUCH-SCREEN-ZAMJENA-1-1024x683.jpg\" alt=\"\" class=\"wp-image-4953\" srcset=\"https:\/\/procomp.ba\/blog\/wp-content\/uploads\/2020\/01\/TOUCH-SCREEN-ZAMJENA-1-1024x683.jpg 1024w, https:\/\/procomp.ba\/blog\/wp-content\/uploads\/2020\/01\/TOUCH-SCREEN-ZAMJENA-1-300x200.jpg 300w, https:\/\/procomp.ba\/blog\/wp-content\/uploads\/2020\/01\/TOUCH-SCREEN-ZAMJENA-1-768x512.jpg 768w, https:\/\/procomp.ba\/blog\/wp-content\/uploads\/2020\/01\/TOUCH-SCREEN-ZAMJENA-1-696x464.jpg 696w, https:\/\/procomp.ba\/blog\/wp-content\/uploads\/2020\/01\/TOUCH-SCREEN-ZAMJENA-1-1068x712.jpg 1068w, https:\/\/procomp.ba\/blog\/wp-content\/uploads\/2020\/01\/TOUCH-SCREEN-ZAMJENA-1-630x420.jpg 630w, https:\/\/procomp.ba\/blog\/wp-content\/uploads\/2020\/01\/TOUCH-SCREEN-ZAMJENA-1.jpg 1200w\" sizes=\"auto, (max-width: 1024px) 100vw, 1024px\" \/><\/figure>\n\n\n\n<p>Prazan prostor mo\u017ee zna\u010diti smrt za va\u0161 telefon. <\/p>\n\n\n\n<p><strong>Servisiranje telefona<\/strong>&nbsp;se obavlja samo sa originalnim dijelovima proizvo\u0111a\u010da. <strong>Originalni dijelovi<\/strong> vam osiguravaju kvalitet i du\u017ee trajanje va\u0161eg zamjenskog dijela. <\/p>\n\n\n\n<p>Samim time originalni dijelovi su prilago\u0111eni samom ure\u0111aju i to spre\u010dava dodatne kvarove. Neoriginalni dijelovi mogu dovesti do \u010destih kvarova zbog nekoompatibilnosti.  Zbog originalnih dijelova, mi vam dajemo garanciju.  <\/p>\n\n\n\n<p>Ako se odlu\u010dite na zamjenu ekrana u na\u0161em <strong>ProComp<\/strong> servisu, imate garanciju na izvr\u0161enu zamjenu. Zamjena \u0107e biti izvr\u0161ena od sposobnih servisera. Garancija traje 12 mjeseci na zamijenjeni dio.  <\/p>\n\n\n\n<p><strong>Cijene<\/strong> na\u0161ih usluga \u0107ete dobiti od na\u0161ih servisera. Trudimo se da i cjenovno budete zadovoljni. Nakon obavljene popravke, biti \u0107ete pozvani da preuzmete svoj telefon. Do\u0111ite posjetite nas i uvjerite se u kvalitet na\u0161ih usluga.  <\/p>\n\n\n\n<div class=\"wp-block-image\"><figure class=\"aligncenter size-large\"><img loading=\"lazy\" decoding=\"async\" width=\"700\" height=\"200\" src=\"https:\/\/procomp.ba\/blog\/wp-content\/uploads\/2020\/01\/rezervisite-termin-7.jpg\" alt=\"\" class=\"wp-image-4963\" srcset=\"https:\/\/procomp.ba\/blog\/wp-content\/uploads\/2020\/01\/rezervisite-termin-7.jpg 700w, https:\/\/procomp.ba\/blog\/wp-content\/uploads\/2020\/01\/rezervisite-termin-7-300x86.jpg 300w, https:\/\/procomp.ba\/blog\/wp-content\/uploads\/2020\/01\/rezervisite-termin-7-696x200.jpg 696w\" sizes=\"auto, (max-width: 700px) 100vw, 700px\" \/><\/figure><\/div>\n","protected":false},"excerpt":{"rendered":"<p>Bez touch screen-a, kori\u0161tenje telefona bi bilo nemogu\u0107e. Bez njega, telefon bi bio u potpunosti neiskoristiv. Iz tog razloga, zamjena touch screen-a jedan je od naj\u010de\u0161\u0107ih popravki potrebnih vlasnicima telefona. Ukoliko ste pokvarili touch screen (ta\u010d skrin), sigurno brinete za cijenu popravka. U na\u0161em ProComp servisu, to ne treba da vas brine. Mi nudimo zamjenu [&hellip;]<\/p>\n","protected":false},"author":1,"featured_media":4917,"parent":0,"menu_order":0,"comment_status":"closed","ping_status":"closed","template":"","meta":{"footnotes":""},"class_list":["post-4900","page","type-page","status-publish","has-post-thumbnail","hentry"],"yoast_head":"<!-- This site is optimized with the Yoast SEO plugin v27.4 - https:\/\/yoast.com\/product\/yoast-seo-wordpress\/ -->\n<title>Touch screen - zamjena u na\u0161em servisu - ProComp Blog<\/title>\n<meta name=\"description\" content=\"Mi nudimo zamjenu touch screen-a po najni\u017eoj cijeni. A povrh svega toga, va\u0161 ekran \u0107e biti zamijenjen originalnim ekranom osjetljivim na dodir.\" \/>\n<meta name=\"robots\" content=\"index, follow, max-snippet:-1, max-image-preview:large, max-video-preview:-1\" \/>\n<link rel=\"canonical\" href=\"https:\/\/procomp.ba\/blog\/touch-screen-zamjena-u-nasem-servisu\/\" \/>\n<meta property=\"og:locale\" content=\"bs_BA\" \/>\n<meta property=\"og:type\" content=\"article\" \/>\n<meta property=\"og:title\" content=\"Touch screen - zamjena u na\u0161em servisu - ProComp Blog\" \/>\n<meta property=\"og:description\" content=\"Mi nudimo zamjenu touch screen-a po najni\u017eoj cijeni. A povrh svega toga, va\u0161 ekran \u0107e biti zamijenjen originalnim ekranom osjetljivim na dodir.\" \/>\n<meta property=\"og:url\" content=\"https:\/\/procomp.ba\/blog\/touch-screen-zamjena-u-nasem-servisu\/\" \/>\n<meta property=\"og:site_name\" content=\"ProComp Blog\" \/>\n<meta property=\"article:publisher\" content=\"https:\/\/www.facebook.com\/procomp.ba\/\" \/>\n<meta property=\"article:modified_time\" content=\"2020-01-21T21:30:30+00:00\" \/>\n<meta property=\"og:image\" content=\"https:\/\/procomp.ba\/blog\/wp-content\/uploads\/2020\/01\/112768020-mobile-phone-with-broken-touchscreen-on-gray-background-1-1.jpg\" \/>\n\t<meta property=\"og:image:width\" content=\"1300\" \/>\n\t<meta property=\"og:image:height\" content=\"700\" \/>\n\t<meta property=\"og:image:type\" content=\"image\/jpeg\" \/>\n<meta name=\"twitter:card\" content=\"summary_large_image\" \/>\n<meta name=\"twitter:label1\" content=\"Est. reading time\" \/>\n\t<meta name=\"twitter:data1\" content=\"2 minute\" \/>\n<script type=\"application\/ld+json\" class=\"yoast-schema-graph\">{\"@context\":\"https:\\\/\\\/schema.org\",\"@graph\":[{\"@type\":\"WebPage\",\"@id\":\"https:\\\/\\\/procomp.ba\\\/blog\\\/touch-screen-zamjena-u-nasem-servisu\\\/\",\"url\":\"https:\\\/\\\/procomp.ba\\\/blog\\\/touch-screen-zamjena-u-nasem-servisu\\\/\",\"name\":\"Touch screen - zamjena u na\u0161em servisu - ProComp Blog\",\"isPartOf\":{\"@id\":\"https:\\\/\\\/procomp.ba\\\/blog\\\/#website\"},\"primaryImageOfPage\":{\"@id\":\"https:\\\/\\\/procomp.ba\\\/blog\\\/touch-screen-zamjena-u-nasem-servisu\\\/#primaryimage\"},\"image\":{\"@id\":\"https:\\\/\\\/procomp.ba\\\/blog\\\/touch-screen-zamjena-u-nasem-servisu\\\/#primaryimage\"},\"thumbnailUrl\":\"https:\\\/\\\/procomp.ba\\\/blog\\\/wp-content\\\/uploads\\\/2020\\\/01\\\/112768020-mobile-phone-with-broken-touchscreen-on-gray-background-1-1.jpg\",\"datePublished\":\"2020-01-20T09:05:09+00:00\",\"dateModified\":\"2020-01-21T21:30:30+00:00\",\"description\":\"Mi nudimo zamjenu touch screen-a po najni\u017eoj cijeni. A povrh svega toga, va\u0161 ekran \u0107e biti zamijenjen originalnim ekranom osjetljivim na dodir.\",\"breadcrumb\":{\"@id\":\"https:\\\/\\\/procomp.ba\\\/blog\\\/touch-screen-zamjena-u-nasem-servisu\\\/#breadcrumb\"},\"inLanguage\":\"bs-BA\",\"potentialAction\":[{\"@type\":\"ReadAction\",\"target\":[\"https:\\\/\\\/procomp.ba\\\/blog\\\/touch-screen-zamjena-u-nasem-servisu\\\/\"]}]},{\"@type\":\"ImageObject\",\"inLanguage\":\"bs-BA\",\"@id\":\"https:\\\/\\\/procomp.ba\\\/blog\\\/touch-screen-zamjena-u-nasem-servisu\\\/#primaryimage\",\"url\":\"https:\\\/\\\/procomp.ba\\\/blog\\\/wp-content\\\/uploads\\\/2020\\\/01\\\/112768020-mobile-phone-with-broken-touchscreen-on-gray-background-1-1.jpg\",\"contentUrl\":\"https:\\\/\\\/procomp.ba\\\/blog\\\/wp-content\\\/uploads\\\/2020\\\/01\\\/112768020-mobile-phone-with-broken-touchscreen-on-gray-background-1-1.jpg\",\"width\":1300,\"height\":700,\"caption\":\"mobile phone with broken touchscreen on gray background.\"},{\"@type\":\"BreadcrumbList\",\"@id\":\"https:\\\/\\\/procomp.ba\\\/blog\\\/touch-screen-zamjena-u-nasem-servisu\\\/#breadcrumb\",\"itemListElement\":[{\"@type\":\"ListItem\",\"position\":1,\"name\":\"Home\",\"item\":\"https:\\\/\\\/procomp.ba\\\/blog\\\/\"},{\"@type\":\"ListItem\",\"position\":2,\"name\":\"Touch screen &#8211; zamjena u na\u0161em servisu\"}]},{\"@type\":\"WebSite\",\"@id\":\"https:\\\/\\\/procomp.ba\\\/blog\\\/#website\",\"url\":\"https:\\\/\\\/procomp.ba\\\/blog\\\/\",\"name\":\"ProComp d.o.o. - va\u0161 centar za tehniku\",\"description\":\"ProComp Blog\",\"publisher\":{\"@id\":\"https:\\\/\\\/procomp.ba\\\/blog\\\/#organization\"},\"potentialAction\":[{\"@type\":\"SearchAction\",\"target\":{\"@type\":\"EntryPoint\",\"urlTemplate\":\"https:\\\/\\\/procomp.ba\\\/blog\\\/?s={search_term_string}\"},\"query-input\":{\"@type\":\"PropertyValueSpecification\",\"valueRequired\":true,\"valueName\":\"search_term_string\"}}],\"inLanguage\":\"bs-BA\"},{\"@type\":\"Organization\",\"@id\":\"https:\\\/\\\/procomp.ba\\\/blog\\\/#organization\",\"name\":\"ProComp\",\"url\":\"https:\\\/\\\/procomp.ba\\\/blog\\\/\",\"logo\":{\"@type\":\"ImageObject\",\"inLanguage\":\"bs-BA\",\"@id\":\"https:\\\/\\\/procomp.ba\\\/blog\\\/#\\\/schema\\\/logo\\\/image\\\/\",\"url\":\"https:\\\/\\\/procomp.ba\\\/blog\\\/wp-content\\\/uploads\\\/2018\\\/08\\\/logo-blog-transparent.png\",\"contentUrl\":\"https:\\\/\\\/procomp.ba\\\/blog\\\/wp-content\\\/uploads\\\/2018\\\/08\\\/logo-blog-transparent.png\",\"width\":544,\"height\":180,\"caption\":\"ProComp\"},\"image\":{\"@id\":\"https:\\\/\\\/procomp.ba\\\/blog\\\/#\\\/schema\\\/logo\\\/image\\\/\"},\"sameAs\":[\"https:\\\/\\\/www.facebook.com\\\/procomp.ba\\\/\"]}]}<\/script>\n<!-- \/ Yoast SEO plugin. -->","yoast_head_json":{"title":"Touch screen - zamjena u na\u0161em servisu - ProComp Blog","description":"Mi nudimo zamjenu touch screen-a po najni\u017eoj cijeni. A povrh svega toga, va\u0161 ekran \u0107e biti zamijenjen originalnim ekranom osjetljivim na dodir.","robots":{"index":"index","follow":"follow","max-snippet":"max-snippet:-1","max-image-preview":"max-image-preview:large","max-video-preview":"max-video-preview:-1"},"canonical":"https:\/\/procomp.ba\/blog\/touch-screen-zamjena-u-nasem-servisu\/","og_locale":"bs_BA","og_type":"article","og_title":"Touch screen - zamjena u na\u0161em servisu - ProComp Blog","og_description":"Mi nudimo zamjenu touch screen-a po najni\u017eoj cijeni. A povrh svega toga, va\u0161 ekran \u0107e biti zamijenjen originalnim ekranom osjetljivim na dodir.","og_url":"https:\/\/procomp.ba\/blog\/touch-screen-zamjena-u-nasem-servisu\/","og_site_name":"ProComp Blog","article_publisher":"https:\/\/www.facebook.com\/procomp.ba\/","article_modified_time":"2020-01-21T21:30:30+00:00","og_image":[{"width":1300,"height":700,"url":"https:\/\/procomp.ba\/blog\/wp-content\/uploads\/2020\/01\/112768020-mobile-phone-with-broken-touchscreen-on-gray-background-1-1.jpg","type":"image\/jpeg"}],"twitter_card":"summary_large_image","twitter_misc":{"Est. reading time":"2 minute"},"schema":{"@context":"https:\/\/schema.org","@graph":[{"@type":"WebPage","@id":"https:\/\/procomp.ba\/blog\/touch-screen-zamjena-u-nasem-servisu\/","url":"https:\/\/procomp.ba\/blog\/touch-screen-zamjena-u-nasem-servisu\/","name":"Touch screen - zamjena u na\u0161em servisu - ProComp Blog","isPartOf":{"@id":"https:\/\/procomp.ba\/blog\/#website"},"primaryImageOfPage":{"@id":"https:\/\/procomp.ba\/blog\/touch-screen-zamjena-u-nasem-servisu\/#primaryimage"},"image":{"@id":"https:\/\/procomp.ba\/blog\/touch-screen-zamjena-u-nasem-servisu\/#primaryimage"},"thumbnailUrl":"https:\/\/procomp.ba\/blog\/wp-content\/uploads\/2020\/01\/112768020-mobile-phone-with-broken-touchscreen-on-gray-background-1-1.jpg","datePublished":"2020-01-20T09:05:09+00:00","dateModified":"2020-01-21T21:30:30+00:00","description":"Mi nudimo zamjenu touch screen-a po najni\u017eoj cijeni. A povrh svega toga, va\u0161 ekran \u0107e biti zamijenjen originalnim ekranom osjetljivim na dodir.","breadcrumb":{"@id":"https:\/\/procomp.ba\/blog\/touch-screen-zamjena-u-nasem-servisu\/#breadcrumb"},"inLanguage":"bs-BA","potentialAction":[{"@type":"ReadAction","target":["https:\/\/procomp.ba\/blog\/touch-screen-zamjena-u-nasem-servisu\/"]}]},{"@type":"ImageObject","inLanguage":"bs-BA","@id":"https:\/\/procomp.ba\/blog\/touch-screen-zamjena-u-nasem-servisu\/#primaryimage","url":"https:\/\/procomp.ba\/blog\/wp-content\/uploads\/2020\/01\/112768020-mobile-phone-with-broken-touchscreen-on-gray-background-1-1.jpg","contentUrl":"https:\/\/procomp.ba\/blog\/wp-content\/uploads\/2020\/01\/112768020-mobile-phone-with-broken-touchscreen-on-gray-background-1-1.jpg","width":1300,"height":700,"caption":"mobile phone with broken touchscreen on gray background."},{"@type":"BreadcrumbList","@id":"https:\/\/procomp.ba\/blog\/touch-screen-zamjena-u-nasem-servisu\/#breadcrumb","itemListElement":[{"@type":"ListItem","position":1,"name":"Home","item":"https:\/\/procomp.ba\/blog\/"},{"@type":"ListItem","position":2,"name":"Touch screen &#8211; zamjena u na\u0161em servisu"}]},{"@type":"WebSite","@id":"https:\/\/procomp.ba\/blog\/#website","url":"https:\/\/procomp.ba\/blog\/","name":"ProComp d.o.o. - va\u0161 centar za tehniku","description":"ProComp Blog","publisher":{"@id":"https:\/\/procomp.ba\/blog\/#organization"},"potentialAction":[{"@type":"SearchAction","target":{"@type":"EntryPoint","urlTemplate":"https:\/\/procomp.ba\/blog\/?s={search_term_string}"},"query-input":{"@type":"PropertyValueSpecification","valueRequired":true,"valueName":"search_term_string"}}],"inLanguage":"bs-BA"},{"@type":"Organization","@id":"https:\/\/procomp.ba\/blog\/#organization","name":"ProComp","url":"https:\/\/procomp.ba\/blog\/","logo":{"@type":"ImageObject","inLanguage":"bs-BA","@id":"https:\/\/procomp.ba\/blog\/#\/schema\/logo\/image\/","url":"https:\/\/procomp.ba\/blog\/wp-content\/uploads\/2018\/08\/logo-blog-transparent.png","contentUrl":"https:\/\/procomp.ba\/blog\/wp-content\/uploads\/2018\/08\/logo-blog-transparent.png","width":544,"height":180,"caption":"ProComp"},"image":{"@id":"https:\/\/procomp.ba\/blog\/#\/schema\/logo\/image\/"},"sameAs":["https:\/\/www.facebook.com\/procomp.ba\/"]}]}},"_links":{"self":[{"href":"https:\/\/procomp.ba\/blog\/wp-json\/wp\/v2\/pages\/4900","targetHints":{"allow":["GET"]}}],"collection":[{"href":"https:\/\/procomp.ba\/blog\/wp-json\/wp\/v2\/pages"}],"about":[{"href":"https:\/\/procomp.ba\/blog\/wp-json\/wp\/v2\/types\/page"}],"author":[{"embeddable":true,"href":"https:\/\/procomp.ba\/blog\/wp-json\/wp\/v2\/users\/1"}],"replies":[{"embeddable":true,"href":"https:\/\/procomp.ba\/blog\/wp-json\/wp\/v2\/comments?post=4900"}],"version-history":[{"count":7,"href":"https:\/\/procomp.ba\/blog\/wp-json\/wp\/v2\/pages\/4900\/revisions"}],"predecessor-version":[{"id":4989,"href":"https:\/\/procomp.ba\/blog\/wp-json\/wp\/v2\/pages\/4900\/revisions\/4989"}],"wp:featuredmedia":[{"embeddable":true,"href":"https:\/\/procomp.ba\/blog\/wp-json\/wp\/v2\/media\/4917"}],"wp:attachment":[{"href":"https:\/\/procomp.ba\/blog\/wp-json\/wp\/v2\/media?parent=4900"}],"curies":[{"name":"wp","href":"https:\/\/api.w.org\/{rel}","templated":true}]}}