{"id":4918,"date":"2020-01-20T10:44:44","date_gmt":"2020-01-20T09:44:44","guid":{"rendered":"https:\/\/procomp.ba\/blog\/?page_id=4918"},"modified":"2020-01-21T22:29:04","modified_gmt":"2020-01-21T21:29:04","slug":"zamjena-ekrana-na-mobitelu-u-nasem-servisu","status":"publish","type":"page","link":"https:\/\/procomp.ba\/blog\/zamjena-ekrana-na-mobitelu-u-nasem-servisu\/","title":{"rendered":"Zamjena ekrana na mobitelu u na\u0161em servisu"},"content":{"rendered":"\n<figure class=\"wp-block-image size-large\"><img loading=\"lazy\" decoding=\"async\" width=\"1024\" height=\"683\" src=\"https:\/\/procomp.ba\/blog\/wp-content\/uploads\/2020\/01\/ZAMJENA-EKRANA-NA-MOBITELU-1-1024x683.jpg\" alt=\"\" class=\"wp-image-4955\" srcset=\"https:\/\/procomp.ba\/blog\/wp-content\/uploads\/2020\/01\/ZAMJENA-EKRANA-NA-MOBITELU-1-1024x683.jpg 1024w, https:\/\/procomp.ba\/blog\/wp-content\/uploads\/2020\/01\/ZAMJENA-EKRANA-NA-MOBITELU-1-300x200.jpg 300w, https:\/\/procomp.ba\/blog\/wp-content\/uploads\/2020\/01\/ZAMJENA-EKRANA-NA-MOBITELU-1-768x512.jpg 768w, https:\/\/procomp.ba\/blog\/wp-content\/uploads\/2020\/01\/ZAMJENA-EKRANA-NA-MOBITELU-1-696x464.jpg 696w, https:\/\/procomp.ba\/blog\/wp-content\/uploads\/2020\/01\/ZAMJENA-EKRANA-NA-MOBITELU-1-1068x712.jpg 1068w, https:\/\/procomp.ba\/blog\/wp-content\/uploads\/2020\/01\/ZAMJENA-EKRANA-NA-MOBITELU-1-630x420.jpg 630w, https:\/\/procomp.ba\/blog\/wp-content\/uploads\/2020\/01\/ZAMJENA-EKRANA-NA-MOBITELU-1.jpg 1200w\" sizes=\"auto, (max-width: 1024px) 100vw, 1024px\" \/><\/figure>\n\n\n\n<p>U modernom svijetu, nema odmora od mobitela. Gdje god krenemo, mobitel je uvijek sa nama. S nama je na poslu, u ku\u0107i, na odmoru, u dru\u0161tvu. Koliko puta je zavr\u0161io na podu, betonu ili plo\u010dicama? Prilikom nekih od padova ili udarcam desi se da pukne ekran ili LCD na mobilnom telefonu. Ako ste bili takve sre\u0107e da vam je pukao ekranm ne brinite. <strong>Zamjena ekrana<\/strong> se lagano odradi u na\u0161em <strong>ProComp<\/strong> servisu.<\/p>\n\n\n\n<p>Ukoliko vam je potrebna za zamjena na nekom od sljede\u0107ih ure\u0111aja  <strong>Xiaomi, Huawei, Ulefone, Prestigio, Iphone, Samsung, Lenovo, Nokia, Vivax, Oukitel<\/strong>, odraditi \u0107emo to u <strong>ProCompu<\/strong> brzo i efikasno za najpovoljniju cijenu. <\/p>\n\n\n\n<p>Kad se radi zamjena ekrana, koriste se samo certificirane ma\u0161ine da bi se osiguralo kvalitetno mijenjanje ekrana. Ovako se obezbje\u0111uje potuno prijanjanje i funkcionisanje ure\u0111aja.<\/p>\n\n\n\n<h3 class=\"wp-block-heading\">Zamjena ekrana se vr\u0161i originalnim dijelovima<\/h3>\n\n\n\n<p>Kod razbijenog ekrana se naj\u010de\u0161\u0107e vr\u0161i zamjena ekrana. Ovo je proces koji se relativno brzo zavr\u0161ava. Va\u0161e je samo da donesete u mobitel u <strong>ProComp<\/strong> servis.  <\/p>\n\n\n\n<figure class=\"wp-block-image size-large\"><img loading=\"lazy\" decoding=\"async\" width=\"1024\" height=\"576\" src=\"https:\/\/procomp.ba\/blog\/wp-content\/uploads\/2020\/01\/androidpit-broken-fallen-smartphone-cracked-1024x576.jpg\" alt=\"\" class=\"wp-image-4921\" srcset=\"https:\/\/procomp.ba\/blog\/wp-content\/uploads\/2020\/01\/androidpit-broken-fallen-smartphone-cracked-1024x576.jpg 1024w, https:\/\/procomp.ba\/blog\/wp-content\/uploads\/2020\/01\/androidpit-broken-fallen-smartphone-cracked-300x169.jpg 300w, https:\/\/procomp.ba\/blog\/wp-content\/uploads\/2020\/01\/androidpit-broken-fallen-smartphone-cracked-768x432.jpg 768w, https:\/\/procomp.ba\/blog\/wp-content\/uploads\/2020\/01\/androidpit-broken-fallen-smartphone-cracked-1536x864.jpg 1536w, https:\/\/procomp.ba\/blog\/wp-content\/uploads\/2020\/01\/androidpit-broken-fallen-smartphone-cracked-2048x1152.jpg 2048w, https:\/\/procomp.ba\/blog\/wp-content\/uploads\/2020\/01\/androidpit-broken-fallen-smartphone-cracked-696x391.jpg 696w, https:\/\/procomp.ba\/blog\/wp-content\/uploads\/2020\/01\/androidpit-broken-fallen-smartphone-cracked-1068x601.jpg 1068w, https:\/\/procomp.ba\/blog\/wp-content\/uploads\/2020\/01\/androidpit-broken-fallen-smartphone-cracked-747x420.jpg 747w, https:\/\/procomp.ba\/blog\/wp-content\/uploads\/2020\/01\/androidpit-broken-fallen-smartphone-cracked-1920x1080.jpg 1920w\" sizes=\"auto, (max-width: 1024px) 100vw, 1024px\" \/><figcaption>Zamjena ekrana se vr\u0161i originalnim dijelovima.<\/figcaption><\/figure>\n\n\n\n<p>Na\u0161e ljubazno osoblje \u0107e preuzeti telefon i rije\u0161iti problem u rekordnom vremenu.   <\/p>\n\n\n\n<p><strong>Servisiranje telefona<\/strong>\u00a0se obavlja samo sa originalnim dijelovima proizvo\u0111a\u010da. <strong>Originalni dijelovi<\/strong> vam osiguravaju kvalitet i du\u017ee trajanje va\u0161eg zamjenskog dijela.  <\/p>\n\n\n\n<p>Samim time originalni dijelovi su prilago\u0111eni samom ure\u0111aju i to spre\u010dava dodatne kvarove. Neoriginalni dijelovi mogu dovesti do \u010destih kvarova zbog nekoompatibilnosti.  Zbog originalnih dijelova, mi vam dajemo garanciju.  <\/p>\n\n\n\n<p>Ako se odlu\u010dite na zamjenu ekrana u na\u0161em <strong>ProComp<\/strong> servisu, imate garanciju na izvr\u0161enu zamjenu. Zamjena \u0107e biti izvr\u0161ena od sposobnih servisera. Garancija traje 12 mjeseci na zamijenjeni dio.  <\/p>\n\n\n\n<p>Garancija ne obuhvata \u0161tetu fizi\u010dkim uni\u0161tavanjem ekrana ili nepravilnim rukovanjem. Garanciju dobijate samo na originalne dijelove i ako vam ure\u0111aj ne radi besporijekorno nakon zamjene.<\/p>\n\n\n\n<p><strong>Cijene<\/strong> na\u0161ih usluga \u0107ete dobiti od na\u0161ih servisera. Trudimo se da i cjenovno budete zadovoljni. Nakon obavljene popravke, biti \u0107ete pozvani da preuzmete svoj telefon. Do\u0111ite posjetite nas i uvjerite se u kvalitet na\u0161ih usluga. <\/p>\n\n\n\n<div class=\"wp-block-image\"><figure class=\"aligncenter size-large\"><img loading=\"lazy\" decoding=\"async\" width=\"700\" height=\"200\" src=\"https:\/\/procomp.ba\/blog\/wp-content\/uploads\/2020\/01\/rezervisite-termin-9.jpg\" alt=\"servis mobitela\" class=\"wp-image-4982\" srcset=\"https:\/\/procomp.ba\/blog\/wp-content\/uploads\/2020\/01\/rezervisite-termin-9.jpg 700w, https:\/\/procomp.ba\/blog\/wp-content\/uploads\/2020\/01\/rezervisite-termin-9-300x86.jpg 300w, https:\/\/procomp.ba\/blog\/wp-content\/uploads\/2020\/01\/rezervisite-termin-9-696x200.jpg 696w\" sizes=\"auto, (max-width: 700px) 100vw, 700px\" \/><\/figure><\/div>\n","protected":false},"excerpt":{"rendered":"<p>U modernom svijetu, nema odmora od mobitela. Gdje god krenemo, mobitel je uvijek sa nama. S nama je na poslu, u ku\u0107i, na odmoru, u dru\u0161tvu. Koliko puta je zavr\u0161io na podu, betonu ili plo\u010dicama? Prilikom nekih od padova ili udarcam desi se da pukne ekran ili LCD na mobilnom telefonu. Ako ste bili takve [&hellip;]<\/p>\n","protected":false},"author":1,"featured_media":4923,"parent":0,"menu_order":0,"comment_status":"closed","ping_status":"closed","template":"","meta":{"footnotes":""},"class_list":["post-4918","page","type-page","status-publish","has-post-thumbnail","hentry"],"yoast_head":"<!-- This site is optimized with the Yoast SEO plugin v27.4 - https:\/\/yoast.com\/product\/yoast-seo-wordpress\/ -->\n<title>Zamjena ekrana na mobitelu u na\u0161em servisu - ProComp Blog<\/title>\n<meta name=\"description\" content=\"Kod razbijenog ekrana se naj\u010de\u0161\u0107e vr\u0161i zamjena ekrana. Ovo je proces koji se relativno brzo zavr\u0161ava. Va\u0161e je samo da donesete u mobitel u ProComp servis.\" \/>\n<meta name=\"robots\" content=\"index, follow, max-snippet:-1, max-image-preview:large, max-video-preview:-1\" \/>\n<link rel=\"canonical\" href=\"https:\/\/procomp.ba\/blog\/zamjena-ekrana-na-mobitelu-u-nasem-servisu\/\" \/>\n<meta property=\"og:locale\" content=\"bs_BA\" \/>\n<meta property=\"og:type\" content=\"article\" \/>\n<meta property=\"og:title\" content=\"Zamjena ekrana na mobitelu u na\u0161em servisu - ProComp Blog\" \/>\n<meta property=\"og:description\" content=\"Kod razbijenog ekrana se naj\u010de\u0161\u0107e vr\u0161i zamjena ekrana. Ovo je proces koji se relativno brzo zavr\u0161ava. Va\u0161e je samo da donesete u mobitel u ProComp servis.\" \/>\n<meta property=\"og:url\" content=\"https:\/\/procomp.ba\/blog\/zamjena-ekrana-na-mobitelu-u-nasem-servisu\/\" \/>\n<meta property=\"og:site_name\" content=\"ProComp Blog\" \/>\n<meta property=\"article:publisher\" content=\"https:\/\/www.facebook.com\/procomp.ba\/\" \/>\n<meta property=\"article:modified_time\" content=\"2020-01-21T21:29:04+00:00\" \/>\n<meta property=\"og:image\" content=\"https:\/\/procomp.ba\/blog\/wp-content\/uploads\/2020\/01\/androidpit-broken-fallen-smartphone-cracked-1-scaled.jpg\" \/>\n\t<meta property=\"og:image:width\" content=\"2560\" \/>\n\t<meta property=\"og:image:height\" content=\"1440\" \/>\n\t<meta property=\"og:image:type\" content=\"image\/jpeg\" \/>\n<meta name=\"twitter:card\" content=\"summary_large_image\" \/>\n<meta name=\"twitter:label1\" content=\"Est. reading time\" \/>\n\t<meta name=\"twitter:data1\" content=\"2 minute\" \/>\n<script type=\"application\/ld+json\" class=\"yoast-schema-graph\">{\"@context\":\"https:\\\/\\\/schema.org\",\"@graph\":[{\"@type\":\"WebPage\",\"@id\":\"https:\\\/\\\/procomp.ba\\\/blog\\\/zamjena-ekrana-na-mobitelu-u-nasem-servisu\\\/\",\"url\":\"https:\\\/\\\/procomp.ba\\\/blog\\\/zamjena-ekrana-na-mobitelu-u-nasem-servisu\\\/\",\"name\":\"Zamjena ekrana na mobitelu u na\u0161em servisu - ProComp Blog\",\"isPartOf\":{\"@id\":\"https:\\\/\\\/procomp.ba\\\/blog\\\/#website\"},\"primaryImageOfPage\":{\"@id\":\"https:\\\/\\\/procomp.ba\\\/blog\\\/zamjena-ekrana-na-mobitelu-u-nasem-servisu\\\/#primaryimage\"},\"image\":{\"@id\":\"https:\\\/\\\/procomp.ba\\\/blog\\\/zamjena-ekrana-na-mobitelu-u-nasem-servisu\\\/#primaryimage\"},\"thumbnailUrl\":\"https:\\\/\\\/procomp.ba\\\/blog\\\/wp-content\\\/uploads\\\/2020\\\/01\\\/androidpit-broken-fallen-smartphone-cracked-1-scaled.jpg\",\"datePublished\":\"2020-01-20T09:44:44+00:00\",\"dateModified\":\"2020-01-21T21:29:04+00:00\",\"description\":\"Kod razbijenog ekrana se naj\u010de\u0161\u0107e vr\u0161i zamjena ekrana. Ovo je proces koji se relativno brzo zavr\u0161ava. Va\u0161e je samo da donesete u mobitel u ProComp servis.\",\"breadcrumb\":{\"@id\":\"https:\\\/\\\/procomp.ba\\\/blog\\\/zamjena-ekrana-na-mobitelu-u-nasem-servisu\\\/#breadcrumb\"},\"inLanguage\":\"bs-BA\",\"potentialAction\":[{\"@type\":\"ReadAction\",\"target\":[\"https:\\\/\\\/procomp.ba\\\/blog\\\/zamjena-ekrana-na-mobitelu-u-nasem-servisu\\\/\"]}]},{\"@type\":\"ImageObject\",\"inLanguage\":\"bs-BA\",\"@id\":\"https:\\\/\\\/procomp.ba\\\/blog\\\/zamjena-ekrana-na-mobitelu-u-nasem-servisu\\\/#primaryimage\",\"url\":\"https:\\\/\\\/procomp.ba\\\/blog\\\/wp-content\\\/uploads\\\/2020\\\/01\\\/androidpit-broken-fallen-smartphone-cracked-1-scaled.jpg\",\"contentUrl\":\"https:\\\/\\\/procomp.ba\\\/blog\\\/wp-content\\\/uploads\\\/2020\\\/01\\\/androidpit-broken-fallen-smartphone-cracked-1-scaled.jpg\",\"width\":2560,\"height\":1440},{\"@type\":\"BreadcrumbList\",\"@id\":\"https:\\\/\\\/procomp.ba\\\/blog\\\/zamjena-ekrana-na-mobitelu-u-nasem-servisu\\\/#breadcrumb\",\"itemListElement\":[{\"@type\":\"ListItem\",\"position\":1,\"name\":\"Home\",\"item\":\"https:\\\/\\\/procomp.ba\\\/blog\\\/\"},{\"@type\":\"ListItem\",\"position\":2,\"name\":\"Zamjena ekrana na mobitelu u na\u0161em servisu\"}]},{\"@type\":\"WebSite\",\"@id\":\"https:\\\/\\\/procomp.ba\\\/blog\\\/#website\",\"url\":\"https:\\\/\\\/procomp.ba\\\/blog\\\/\",\"name\":\"ProComp d.o.o. - va\u0161 centar za tehniku\",\"description\":\"ProComp Blog\",\"publisher\":{\"@id\":\"https:\\\/\\\/procomp.ba\\\/blog\\\/#organization\"},\"potentialAction\":[{\"@type\":\"SearchAction\",\"target\":{\"@type\":\"EntryPoint\",\"urlTemplate\":\"https:\\\/\\\/procomp.ba\\\/blog\\\/?s={search_term_string}\"},\"query-input\":{\"@type\":\"PropertyValueSpecification\",\"valueRequired\":true,\"valueName\":\"search_term_string\"}}],\"inLanguage\":\"bs-BA\"},{\"@type\":\"Organization\",\"@id\":\"https:\\\/\\\/procomp.ba\\\/blog\\\/#organization\",\"name\":\"ProComp\",\"url\":\"https:\\\/\\\/procomp.ba\\\/blog\\\/\",\"logo\":{\"@type\":\"ImageObject\",\"inLanguage\":\"bs-BA\",\"@id\":\"https:\\\/\\\/procomp.ba\\\/blog\\\/#\\\/schema\\\/logo\\\/image\\\/\",\"url\":\"https:\\\/\\\/procomp.ba\\\/blog\\\/wp-content\\\/uploads\\\/2018\\\/08\\\/logo-blog-transparent.png\",\"contentUrl\":\"https:\\\/\\\/procomp.ba\\\/blog\\\/wp-content\\\/uploads\\\/2018\\\/08\\\/logo-blog-transparent.png\",\"width\":544,\"height\":180,\"caption\":\"ProComp\"},\"image\":{\"@id\":\"https:\\\/\\\/procomp.ba\\\/blog\\\/#\\\/schema\\\/logo\\\/image\\\/\"},\"sameAs\":[\"https:\\\/\\\/www.facebook.com\\\/procomp.ba\\\/\"]}]}<\/script>\n<!-- \/ Yoast SEO plugin. -->","yoast_head_json":{"title":"Zamjena ekrana na mobitelu u na\u0161em servisu - ProComp Blog","description":"Kod razbijenog ekrana se naj\u010de\u0161\u0107e vr\u0161i zamjena ekrana. Ovo je proces koji se relativno brzo zavr\u0161ava. Va\u0161e je samo da donesete u mobitel u ProComp servis.","robots":{"index":"index","follow":"follow","max-snippet":"max-snippet:-1","max-image-preview":"max-image-preview:large","max-video-preview":"max-video-preview:-1"},"canonical":"https:\/\/procomp.ba\/blog\/zamjena-ekrana-na-mobitelu-u-nasem-servisu\/","og_locale":"bs_BA","og_type":"article","og_title":"Zamjena ekrana na mobitelu u na\u0161em servisu - ProComp Blog","og_description":"Kod razbijenog ekrana se naj\u010de\u0161\u0107e vr\u0161i zamjena ekrana. Ovo je proces koji se relativno brzo zavr\u0161ava. Va\u0161e je samo da donesete u mobitel u ProComp servis.","og_url":"https:\/\/procomp.ba\/blog\/zamjena-ekrana-na-mobitelu-u-nasem-servisu\/","og_site_name":"ProComp Blog","article_publisher":"https:\/\/www.facebook.com\/procomp.ba\/","article_modified_time":"2020-01-21T21:29:04+00:00","og_image":[{"width":2560,"height":1440,"url":"https:\/\/procomp.ba\/blog\/wp-content\/uploads\/2020\/01\/androidpit-broken-fallen-smartphone-cracked-1-scaled.jpg","type":"image\/jpeg"}],"twitter_card":"summary_large_image","twitter_misc":{"Est. reading time":"2 minute"},"schema":{"@context":"https:\/\/schema.org","@graph":[{"@type":"WebPage","@id":"https:\/\/procomp.ba\/blog\/zamjena-ekrana-na-mobitelu-u-nasem-servisu\/","url":"https:\/\/procomp.ba\/blog\/zamjena-ekrana-na-mobitelu-u-nasem-servisu\/","name":"Zamjena ekrana na mobitelu u na\u0161em servisu - ProComp Blog","isPartOf":{"@id":"https:\/\/procomp.ba\/blog\/#website"},"primaryImageOfPage":{"@id":"https:\/\/procomp.ba\/blog\/zamjena-ekrana-na-mobitelu-u-nasem-servisu\/#primaryimage"},"image":{"@id":"https:\/\/procomp.ba\/blog\/zamjena-ekrana-na-mobitelu-u-nasem-servisu\/#primaryimage"},"thumbnailUrl":"https:\/\/procomp.ba\/blog\/wp-content\/uploads\/2020\/01\/androidpit-broken-fallen-smartphone-cracked-1-scaled.jpg","datePublished":"2020-01-20T09:44:44+00:00","dateModified":"2020-01-21T21:29:04+00:00","description":"Kod razbijenog ekrana se naj\u010de\u0161\u0107e vr\u0161i zamjena ekrana. Ovo je proces koji se relativno brzo zavr\u0161ava. Va\u0161e je samo da donesete u mobitel u ProComp servis.","breadcrumb":{"@id":"https:\/\/procomp.ba\/blog\/zamjena-ekrana-na-mobitelu-u-nasem-servisu\/#breadcrumb"},"inLanguage":"bs-BA","potentialAction":[{"@type":"ReadAction","target":["https:\/\/procomp.ba\/blog\/zamjena-ekrana-na-mobitelu-u-nasem-servisu\/"]}]},{"@type":"ImageObject","inLanguage":"bs-BA","@id":"https:\/\/procomp.ba\/blog\/zamjena-ekrana-na-mobitelu-u-nasem-servisu\/#primaryimage","url":"https:\/\/procomp.ba\/blog\/wp-content\/uploads\/2020\/01\/androidpit-broken-fallen-smartphone-cracked-1-scaled.jpg","contentUrl":"https:\/\/procomp.ba\/blog\/wp-content\/uploads\/2020\/01\/androidpit-broken-fallen-smartphone-cracked-1-scaled.jpg","width":2560,"height":1440},{"@type":"BreadcrumbList","@id":"https:\/\/procomp.ba\/blog\/zamjena-ekrana-na-mobitelu-u-nasem-servisu\/#breadcrumb","itemListElement":[{"@type":"ListItem","position":1,"name":"Home","item":"https:\/\/procomp.ba\/blog\/"},{"@type":"ListItem","position":2,"name":"Zamjena ekrana na mobitelu u na\u0161em servisu"}]},{"@type":"WebSite","@id":"https:\/\/procomp.ba\/blog\/#website","url":"https:\/\/procomp.ba\/blog\/","name":"ProComp d.o.o. - va\u0161 centar za tehniku","description":"ProComp Blog","publisher":{"@id":"https:\/\/procomp.ba\/blog\/#organization"},"potentialAction":[{"@type":"SearchAction","target":{"@type":"EntryPoint","urlTemplate":"https:\/\/procomp.ba\/blog\/?s={search_term_string}"},"query-input":{"@type":"PropertyValueSpecification","valueRequired":true,"valueName":"search_term_string"}}],"inLanguage":"bs-BA"},{"@type":"Organization","@id":"https:\/\/procomp.ba\/blog\/#organization","name":"ProComp","url":"https:\/\/procomp.ba\/blog\/","logo":{"@type":"ImageObject","inLanguage":"bs-BA","@id":"https:\/\/procomp.ba\/blog\/#\/schema\/logo\/image\/","url":"https:\/\/procomp.ba\/blog\/wp-content\/uploads\/2018\/08\/logo-blog-transparent.png","contentUrl":"https:\/\/procomp.ba\/blog\/wp-content\/uploads\/2018\/08\/logo-blog-transparent.png","width":544,"height":180,"caption":"ProComp"},"image":{"@id":"https:\/\/procomp.ba\/blog\/#\/schema\/logo\/image\/"},"sameAs":["https:\/\/www.facebook.com\/procomp.ba\/"]}]}},"_links":{"self":[{"href":"https:\/\/procomp.ba\/blog\/wp-json\/wp\/v2\/pages\/4918","targetHints":{"allow":["GET"]}}],"collection":[{"href":"https:\/\/procomp.ba\/blog\/wp-json\/wp\/v2\/pages"}],"about":[{"href":"https:\/\/procomp.ba\/blog\/wp-json\/wp\/v2\/types\/page"}],"author":[{"embeddable":true,"href":"https:\/\/procomp.ba\/blog\/wp-json\/wp\/v2\/users\/1"}],"replies":[{"embeddable":true,"href":"https:\/\/procomp.ba\/blog\/wp-json\/wp\/v2\/comments?post=4918"}],"version-history":[{"count":7,"href":"https:\/\/procomp.ba\/blog\/wp-json\/wp\/v2\/pages\/4918\/revisions"}],"predecessor-version":[{"id":4985,"href":"https:\/\/procomp.ba\/blog\/wp-json\/wp\/v2\/pages\/4918\/revisions\/4985"}],"wp:featuredmedia":[{"embeddable":true,"href":"https:\/\/procomp.ba\/blog\/wp-json\/wp\/v2\/media\/4923"}],"wp:attachment":[{"href":"https:\/\/procomp.ba\/blog\/wp-json\/wp\/v2\/media?parent=4918"}],"curies":[{"name":"wp","href":"https:\/\/api.w.org\/{rel}","templated":true}]}}